{"id":255,"date":"2020-07-13T22:56:00","date_gmt":"2020-07-13T20:56:00","guid":{"rendered":"https:\/\/loulein.de\/?page_id=255"},"modified":"2025-11-15T14:32:31","modified_gmt":"2025-11-15T13:32:31","slug":"richtig-messen","status":"publish","type":"page","link":"https:\/\/loulein.de\/en\/richtig-messen\/","title":{"rendered":"Measure correctly"},"content":{"rendered":"<div data-elementor-type=\"wp-page\" data-elementor-id=\"255\" class=\"elementor elementor-255\">\n\t\t\t\t\t\t<section class=\"elementor-section elementor-top-section elementor-element elementor-element-a1cf136 elementor-section-stretched elementor-section-boxed elementor-section-height-default elementor-section-height-default\" data-id=\"a1cf136\" data-element_type=\"section\" data-e-type=\"section\" data-settings=\"{&quot;stretch_section&quot;:&quot;section-stretched&quot;}\">\n\t\t\t\t\t\t<div class=\"elementor-container elementor-column-gap-default\">\n\t\t\t\t\t<div class=\"elementor-column elementor-col-100 elementor-top-column elementor-element elementor-element-5cce158\" data-id=\"5cce158\" data-element_type=\"column\" data-e-type=\"column\">\n\t\t\t<div class=\"elementor-widget-wrap elementor-element-populated\">\n\t\t\t\t\t\t<div class=\"elementor-element elementor-element-c0dab99 elementor-widget elementor-widget-text-editor\" data-id=\"c0dab99\" data-element_type=\"widget\" data-e-type=\"widget\" data-widget_type=\"text-editor.default\">\n\t\t\t\t<div class=\"elementor-widget-container\">\n\t\t\t\t\t\t\t\t\t<h4 style=\"text-align: center;\">The new collar has to fit perfectly!<\/h4><p style=\"text-align: center;\">We therefore provide you with important information on how to determine the correct collar size.<\/p><h5 style=\"text-align: center;\">WHAT YOU NEED<\/h5><p style=\"text-align: center;\">- Your Dog<br \/>- A flexible tape measure<br \/>- A well-fitting collar from your wardrobe<\/p><h5 style=\"text-align: center;\">WHAT TO MEASURE<\/h5><p style=\"text-align: center;\"><span style=\"font-size: 13px; color: var( --e-global-color-text ); font-family: var( --e-global-typography-text-font-family ), Sans-serif; font-weight: var( --e-global-typography-text-font-weight );\">- Neck circumference (center of neck) tight fitting WITHOUT fingers in between<\/span><br \/><span style=\"font-size: 13px; color: var( --e-global-color-text ); font-family: var( --e-global-typography-text-font-family ), Sans-serif; font-weight: var( --e-global-typography-text-font-weight );\">- Head circumference (important for pull stop)<\/span><br \/><span style=\"color: var( --e-global-color-text ); font-family: var( --e-global-typography-text-font-family ), Sans-serif; font-size: 13px; font-weight: var( --e-global-typography-text-font-weight );\">- With your well-fitting collar (closed), measure the circumference on the inner side<\/span><br \/><span style=\"font-size: 13px; color: var( --e-global-color-text ); font-family: var( --e-global-typography-text-font-family ), Sans-serif; font-weight: var( --e-global-typography-text-font-weight );\">- with an open collar behind the buckle to the beginning of the worn hole<\/span><\/p>\t\t\t\t\t\t\t\t<\/div>\n\t\t\t\t<\/div>\n\t\t\t\t<div class=\"elementor-element elementor-element-f3caa73 elementor-widget elementor-widget-image\" data-id=\"f3caa73\" data-element_type=\"widget\" data-e-type=\"widget\" data-widget_type=\"image.default\">\n\t\t\t\t<div class=\"elementor-widget-container\">\n\t\t\t\t\t\t\t\t\t\t\t\t\t\t\t<img decoding=\"async\" src=\"https:\/\/loulein.de\/wp-content\/uploads\/elementor\/thumbs\/670C1BA7-C19F-455D-9130-0FDD6ADFB4E3-pnryrwfa0cvhmihuv5vzf2qlpa7xnwdibv8xpxoxb4.jpg\" title=\"670C1BA7-C19F-455D-9130-0FDD6ADFB4E3\" alt=\"670C1BA7-C19F-455D-9130-0FDD6ADFB4E3\" loading=\"lazy\" \/>\t\t\t\t\t\t\t\t\t\t\t\t\t\t\t<\/div>\n\t\t\t\t<\/div>\n\t\t\t\t<div class=\"elementor-element elementor-element-fa3dc34 elementor-widget elementor-widget-text-editor\" data-id=\"fa3dc34\" data-element_type=\"widget\" data-e-type=\"widget\" data-widget_type=\"text-editor.default\">\n\t\t\t\t<div class=\"elementor-widget-container\">\n\t\t\t\t\t\t\t\t\t<h2 style=\"text-align: center;\">CORRECT MEASUREMENT FOR...<br \/><strong>\u00a0<\/strong><\/h2><h3 style=\"text-align: center;\">COLLAR WITH BUCKLE<\/h3><p style=\"text-align: center;\">Our collars with buckle are adjustable to 5 different sizes. You can choose your new collar from the following sizes:<\/p><p style=\"text-align: center;\">XS &#8211; 25 &#8211; 33cm<\/p><p style=\"text-align: center;\">S &#8211; 31 &#8211; 39cm<\/p><p style=\"text-align: center;\">M &#8211; 37 &#8211; 45cm<\/p><p style=\"text-align: center;\">L &#8211; 43 &#8211; 51cm<\/p><p style=\"text-align: center;\">XL &#8211; 49 &#8211; 57cm<\/p><p style=\"text-align: center;\">The smallest size is on the first hole and the largest on the last.<\/p>\t\t\t\t\t\t\t\t<\/div>\n\t\t\t\t<\/div>\n\t\t\t\t<div class=\"elementor-element elementor-element-0dd8383 elementor-widget elementor-widget-image\" data-id=\"0dd8383\" data-element_type=\"widget\" data-e-type=\"widget\" data-widget_type=\"image.default\">\n\t\t\t\t<div class=\"elementor-widget-container\">\n\t\t\t\t\t\t\t\t\t\t\t\t\t\t\t<img fetchpriority=\"high\" decoding=\"async\" width=\"640\" height=\"83\" src=\"https:\/\/loulein.de\/wp-content\/uploads\/2020\/10\/AbstandLoecherab40-1024x133.png\" class=\"attachment-large size-large wp-image-1272\" alt=\"Lochabstand gro\u00dfes Halsband\" srcset=\"https:\/\/loulein.de\/wp-content\/uploads\/2020\/10\/AbstandLoecherab40-1024x133.png 1024w, https:\/\/loulein.de\/wp-content\/uploads\/2020\/10\/AbstandLoecherab40-600x78.png 600w, https:\/\/loulein.de\/wp-content\/uploads\/2020\/10\/AbstandLoecherab40-300x39.png 300w, https:\/\/loulein.de\/wp-content\/uploads\/2020\/10\/AbstandLoecherab40-768x99.png 768w, https:\/\/loulein.de\/wp-content\/uploads\/2020\/10\/AbstandLoecherab40-1536x199.png 1536w, https:\/\/loulein.de\/wp-content\/uploads\/2020\/10\/AbstandLoecherab40-2048x265.png 2048w\" sizes=\"(max-width: 640px) 100vw, 640px\" \/>\t\t\t\t\t\t\t\t\t\t\t\t\t\t\t<\/div>\n\t\t\t\t<\/div>\n\t\t\t\t<div class=\"elementor-element elementor-element-a83e433 elementor-widget elementor-widget-text-editor\" data-id=\"a83e433\" data-element_type=\"widget\" data-e-type=\"widget\" data-widget_type=\"text-editor.default\">\n\t\t\t\t<div class=\"elementor-widget-container\">\n\t\t\t\t\t\t\t\t\t<h6>\u00a0<\/h6><h6 style=\"font-family: Roboto, sans-serif; text-align: center;\">SLIM DOGS &amp; SMALL SIZES<\/h6><p style=\"font-size: 13px; text-align: center;\">Du hast einen besonders kleinen Hund und bist dir unschl\u00fcssig \u00fcber die Breite? Wir helfen dir jederzeit gerne und beraten dich! Melde dich dazu einfach \u00fcber unsere E-Mail Adresse hallo@loulein.de oder unsere Instagram Account @Loulein. Wir finden garantiert eine L\u00f6sung f\u00fcr euch!\u00a0<\/p><h6 style=\"text-align: center;\">MEASURE AN EXISTING AND WELL FITTING COLLAR<\/h6><p style=\"text-align: center;\">After you have measured your dog's neck circumference with the flexible tape measure - it is important that it fits tightly - you should also measure an existing collar inside if it is on the hole setting as your dog always wears it and is closed. Make sure that the tape measure fits exactly and no gaps are left out.<strong style=\"font-size: 13px;\">\u00a0<\/strong><\/p>\t\t\t\t\t\t\t\t<\/div>\n\t\t\t\t<\/div>\n\t\t\t\t<div class=\"elementor-element elementor-element-333e765 elementor-arrows-position-inside elementor-pagination-position-outside elementor-widget elementor-widget-image-carousel\" data-id=\"333e765\" data-element_type=\"widget\" data-e-type=\"widget\" data-settings=\"{&quot;slides_to_show&quot;:&quot;1&quot;,&quot;navigation&quot;:&quot;both&quot;,&quot;autoplay&quot;:&quot;yes&quot;,&quot;pause_on_hover&quot;:&quot;yes&quot;,&quot;pause_on_interaction&quot;:&quot;yes&quot;,&quot;autoplay_speed&quot;:5000,&quot;infinite&quot;:&quot;yes&quot;,&quot;effect&quot;:&quot;slide&quot;,&quot;speed&quot;:500}\" data-widget_type=\"image-carousel.default\">\n\t\t\t\t<div class=\"elementor-widget-container\">\n\t\t\t\t\t\t\t<div class=\"elementor-image-carousel-wrapper swiper\" role=\"region\" aria-roledescription=\"carousel\" aria-label=\"Bild Karussell\" dir=\"ltr\">\n\t\t\t<div class=\"elementor-image-carousel swiper-wrapper\" aria-live=\"off\">\n\t\t\t\t\t\t\t\t<div class=\"swiper-slide\" role=\"group\" aria-roledescription=\"slide\" aria-label=\"1 of 2\"><a data-elementor-open-lightbox=\"yes\" data-elementor-lightbox-slideshow=\"333e765\" data-elementor-lightbox-title=\"innen messen\" data-e-action-hash=\"#elementor-action%3Aaction%3Dlightbox%26settings%3DeyJpZCI6NDczOSwidXJsIjoiaHR0cHM6XC9cL2xvdWxlaW4uZGVcL3dwLWNvbnRlbnRcL3VwbG9hZHNcLzIwMjJcLzA0XC9ERjY2Q0Y2RC1EOTc3LTQwOTAtQkIxNi03QzlGNEI0NDIwMEIuanBnIiwic2xpZGVzaG93IjoiMzMzZTc2NSJ9\" href=\"https:\/\/loulein.de\/wp-content\/uploads\/2022\/04\/DF66CF6D-D977-4090-BB16-7C9F4B44200B.jpg\"><figure class=\"swiper-slide-inner\"><img decoding=\"async\" class=\"swiper-slide-image\" src=\"https:\/\/loulein.de\/wp-content\/uploads\/2022\/04\/DF66CF6D-D977-4090-BB16-7C9F4B44200B-300x300.jpg\" alt=\"innen messen\" \/><\/figure><\/a><\/div><div class=\"swiper-slide\" role=\"group\" aria-roledescription=\"slide\" aria-label=\"2 of 2\"><a data-elementor-open-lightbox=\"yes\" data-elementor-lightbox-slideshow=\"333e765\" data-elementor-lightbox-title=\"offen messen\" data-e-action-hash=\"#elementor-action%3Aaction%3Dlightbox%26settings%3DeyJpZCI6NDczNiwidXJsIjoiaHR0cHM6XC9cL2xvdWxlaW4uZGVcL3dwLWNvbnRlbnRcL3VwbG9hZHNcLzIwMjJcLzA0XC8xRTAzMjFGNy1DNkE2LTQyRDUtODZGNC1GMUQxRTQ4N0YyRjIuanBnIiwic2xpZGVzaG93IjoiMzMzZTc2NSJ9\" href=\"https:\/\/loulein.de\/wp-content\/uploads\/2022\/04\/1E0321F7-C6A6-42D5-86F4-F1D1E487F2F2.jpg\"><figure class=\"swiper-slide-inner\"><img decoding=\"async\" class=\"swiper-slide-image\" src=\"https:\/\/loulein.de\/wp-content\/uploads\/2022\/04\/1E0321F7-C6A6-42D5-86F4-F1D1E487F2F2-300x300.jpg\" alt=\"offen messen\" \/><\/figure><\/a><\/div>\t\t\t<\/div>\n\t\t\t\t\t\t\t\t\t\t\t\t<div class=\"elementor-swiper-button elementor-swiper-button-prev\" role=\"button\" tabindex=\"0\">\n\t\t\t\t\t\t<i aria-hidden=\"true\" class=\"eicon-chevron-left\"><\/i>\t\t\t\t\t<\/div>\n\t\t\t\t\t<div class=\"elementor-swiper-button elementor-swiper-button-next\" role=\"button\" tabindex=\"0\">\n\t\t\t\t\t\t<i aria-hidden=\"true\" class=\"eicon-chevron-right\"><\/i>\t\t\t\t\t<\/div>\n\t\t\t\t\n\t\t\t\t\t\t\t\t\t<div class=\"swiper-pagination\"><\/div>\n\t\t\t\t\t\t\t\t\t<\/div>\n\t\t\t\t\t\t<\/div>\n\t\t\t\t<\/div>\n\t\t\t\t<div class=\"elementor-element elementor-element-a6b8786 elementor-widget elementor-widget-text-editor\" data-id=\"a6b8786\" data-element_type=\"widget\" data-e-type=\"widget\" data-widget_type=\"text-editor.default\">\n\t\t\t\t<div class=\"elementor-widget-container\">\n\t\t\t\t\t\t\t\t\t<h3 style=\"text-align: center;\">PULL-STOP COLLAR<\/h3><p style=\"text-align: center;\">Accurate measurement is very important for the pull-stop variant! The collar must fit well, because it is not adjustable.<\/p><p style=\"text-align: center;\">If it is too big, the dog can easily slip out or lose it. Therefore, the pull stop should not be too easy to slip over the dog's head and still be comfortable for the dog.<\/p><p style=\"text-align: center;\">If the collar is too tight, it chokes or, in the worst case, does not fit over the head at all.<\/p><p style=\"text-align: center;\">Therefore measure the following with a close fitting tape measure:<\/p><p style=\"text-align: center;\" class=\"translation-block\">- Circumference of the dog's neck in the middle position <br>- Circumference of the neck in the narrow part of the neck directly behind the ears <br>- Circumference of the head<\/p><p style=\"text-align: center;\">You should also measure an existing and well-fitting stop collar as shown:<\/p>\t\t\t\t\t\t\t\t<\/div>\n\t\t\t\t<\/div>\n\t\t\t\t<div class=\"elementor-element elementor-element-88dc828 elementor-widget elementor-widget-image\" data-id=\"88dc828\" data-element_type=\"widget\" data-e-type=\"widget\" data-widget_type=\"image.default\">\n\t\t\t\t<div class=\"elementor-widget-container\">\n\t\t\t\t\t\t\t\t\t\t\t\t\t\t\t<img decoding=\"async\" width=\"640\" height=\"372\" src=\"https:\/\/loulein.de\/wp-content\/uploads\/2020\/10\/messenzugstopp-1024x595.png\" class=\"attachment-large size-large wp-image-1273\" alt=\"Halsband Gr\u00f6\u00dfe messen\" srcset=\"https:\/\/loulein.de\/wp-content\/uploads\/2020\/10\/messenzugstopp-1024x595.png 1024w, https:\/\/loulein.de\/wp-content\/uploads\/2020\/10\/messenzugstopp-600x349.png 600w, https:\/\/loulein.de\/wp-content\/uploads\/2020\/10\/messenzugstopp-300x174.png 300w, https:\/\/loulein.de\/wp-content\/uploads\/2020\/10\/messenzugstopp-768x446.png 768w, https:\/\/loulein.de\/wp-content\/uploads\/2020\/10\/messenzugstopp-1536x892.png 1536w, https:\/\/loulein.de\/wp-content\/uploads\/2020\/10\/messenzugstopp-2048x1190.png 2048w\" sizes=\"(max-width: 640px) 100vw, 640px\" \/>\t\t\t\t\t\t\t\t\t\t\t\t\t\t\t<\/div>\n\t\t\t\t<\/div>\n\t\t\t\t<div class=\"elementor-element elementor-element-fc44e7e elementor-widget elementor-widget-text-editor\" data-id=\"fc44e7e\" data-element_type=\"widget\" data-e-type=\"widget\" data-widget_type=\"text-editor.default\">\n\t\t\t\t<div class=\"elementor-widget-container\">\n\t\t\t\t\t\t\t\t\t<p style=\"text-align: center;\">If you don't have a pull-stop collar - or one that doesn't fit very well - you can measure a collar with a buckle on the \u201cfits around the neck\u201d setting and the second measurement on the setting that allows you to pull it over the head. Again, take the inside measurement without gaps.<\/p><p>\u00a0<\/p>\t\t\t\t\t\t\t\t<\/div>\n\t\t\t\t<\/div>\n\t\t\t\t<div class=\"elementor-element elementor-element-88ee1e7 elementor-widget elementor-widget-text-editor\" data-id=\"88ee1e7\" data-element_type=\"widget\" data-e-type=\"widget\" data-widget_type=\"text-editor.default\">\n\t\t\t\t<div class=\"elementor-widget-container\">\n\t\t\t\t\t\t\t\t\t<h4 style=\"text-align: center;\"><span style=\"font-family: inherit; font-size: 26px;\">THE RIGHT WIDTH...<\/span><\/h4><p style=\"text-align: center;\">\u00a0You can choose from three different widths for our Biothane collars:<\/p><p style=\"text-align: center;\">19mm<br \/>25mm<br \/>38mm<\/p><p style=\"text-align: center;\">Our leashes are available in 16mm or 19mm widths. We recommend 16mm for small to medium-sized dogs and 19mm for large to very large dogs.<\/p><h5 style=\"text-align: center;\">WHICH WIDTH TO CHOOSE...<\/h5><p style=\"text-align: center;\">When choosing the width, you should pay attention to the size of your dog and the shape of its neck. If the neck is shorter and narrow, you should choose a narrow to medium collar. For long but narrow necks, you can also choose wide to very wide collars. Large dogs can of course wear narrow to very wide collars. Make sure that the collar is not too narrow when the dog pulls too hard. <br \/>If you need help with the right width, please send us a photo - we'll be happy to help!<\/p><h5>\u00a0<\/h5><h3 style=\"text-align: center;\">HARDWARE<\/h3><p style=\"text-align: center;\" class=\"translation-block\">We rely on pure brass as high quality hardware on our products. <br>All brass parts used are of the highest quality and offer a long service life and maximum safety.<br><br><\/p><p style=\"text-align: center;\" class=\"translation-block\">Do you have any further questions? <br>Just write us an email.<\/p>\t\t\t\t\t\t\t\t<\/div>\n\t\t\t\t<\/div>\n\t\t\t\t<div class=\"elementor-element elementor-element-2b2f28a elementor-align-center elementor-widget elementor-widget-button\" data-id=\"2b2f28a\" data-element_type=\"widget\" data-e-type=\"widget\" data-widget_type=\"button.default\">\n\t\t\t\t<div class=\"elementor-widget-container\">\n\t\t\t\t\t\t\t\t\t<div class=\"elementor-button-wrapper\">\n\t\t\t\t\t<a class=\"elementor-button elementor-button-link elementor-size-md\" href=\"mailto:hallo@loulein.de\">\n\t\t\t\t\t\t<span class=\"elementor-button-content-wrapper\">\n\t\t\t\t\t\t<span class=\"elementor-button-icon\">\n\t\t\t\t<i aria-hidden=\"true\" class=\"far fa-envelope\"><\/i>\t\t\t<\/span>\n\t\t\t\t\t\t\t\t\t<span class=\"elementor-button-text\">MAIL<\/span>\n\t\t\t\t\t<\/span>\n\t\t\t\t\t<\/a>\n\t\t\t\t<\/div>\n\t\t\t\t\t\t\t\t<\/div>\n\t\t\t\t<\/div>\n\t\t\t\t<div class=\"elementor-element elementor-element-34ac2f3 elementor-widget elementor-widget-spacer\" data-id=\"34ac2f3\" data-element_type=\"widget\" data-e-type=\"widget\" data-widget_type=\"spacer.default\">\n\t\t\t\t<div class=\"elementor-widget-container\">\n\t\t\t\t\t\t\t<div class=\"elementor-spacer\">\n\t\t\t<div class=\"elementor-spacer-inner\"><\/div>\n\t\t<\/div>\n\t\t\t\t\t\t<\/div>\n\t\t\t\t<\/div>\n\t\t\t\t\t<\/div>\n\t\t<\/div>\n\t\t\t\t\t<\/div>\n\t\t<\/section>\n\t\t\t\t<\/div>","protected":false},"excerpt":{"rendered":"<p>Das neue Halsband soll perfekt passen! Daher geben wir Dir hier wichtige Informationen zum Ermitteln der richtigen Halsbandgr\u00f6\u00dfe. WAS DU BRAUCHST: &#8211; Deinen Hund&#8211; Ein flexibles Ma\u00dfband&#8211; Ein gut sitzendes Halsband aus Eurer Garderobe WAS MESSE ICH? &#8211; Halsumfang (Halsmitte) eng anliegend OHNE Finger dazwischen&#8211; Kopfumfang (wichtig bei Zugstopp)&#8211; Bei eurem gut sitzenden Halsband (geschlossen) den Umfang an der inneren Seite gemessen&#8211; bei einem ge\u00f6ffneten Halsband hinter der Schnalle bis&hellip;<\/p>","protected":false},"author":1,"featured_media":0,"parent":0,"menu_order":0,"comment_status":"closed","ping_status":"closed","template":"","meta":{"footnotes":""},"class_list":["post-255","page","type-page","status-publish","hentry"],"jetpack_sharing_enabled":true,"_links":{"self":[{"href":"https:\/\/loulein.de\/en\/wp-json\/wp\/v2\/pages\/255","targetHints":{"allow":["GET"]}}],"collection":[{"href":"https:\/\/loulein.de\/en\/wp-json\/wp\/v2\/pages"}],"about":[{"href":"https:\/\/loulein.de\/en\/wp-json\/wp\/v2\/types\/page"}],"author":[{"embeddable":true,"href":"https:\/\/loulein.de\/en\/wp-json\/wp\/v2\/users\/1"}],"replies":[{"embeddable":true,"href":"https:\/\/loulein.de\/en\/wp-json\/wp\/v2\/comments?post=255"}],"version-history":[{"count":56,"href":"https:\/\/loulein.de\/en\/wp-json\/wp\/v2\/pages\/255\/revisions"}],"predecessor-version":[{"id":7971,"href":"https:\/\/loulein.de\/en\/wp-json\/wp\/v2\/pages\/255\/revisions\/7971"}],"wp:attachment":[{"href":"https:\/\/loulein.de\/en\/wp-json\/wp\/v2\/media?parent=255"}],"curies":[{"name":"wp","href":"https:\/\/api.w.org\/{rel}","templated":true}]}}