{"id":356,"date":"2020-07-15T07:30:49","date_gmt":"2020-07-15T05:30:49","guid":{"rendered":"https:\/\/loulein.de\/versandarten\/"},"modified":"2024-10-27T11:27:15","modified_gmt":"2024-10-27T10:27:15","slug":"versandarten","status":"publish","type":"page","link":"https:\/\/loulein.de\/en\/versandarten\/","title":{"rendered":"Shipping"},"content":{"rendered":"<div data-elementor-type=\"wp-page\" data-elementor-id=\"356\" class=\"elementor elementor-356\">\n\t\t\t\t\t\t<section class=\"elementor-section elementor-top-section elementor-element elementor-element-12a70cc elementor-section-boxed elementor-section-height-default elementor-section-height-default\" data-id=\"12a70cc\" data-element_type=\"section\" data-e-type=\"section\">\n\t\t\t\t\t\t<div class=\"elementor-container elementor-column-gap-default\">\n\t\t\t\t\t<div class=\"elementor-column elementor-col-100 elementor-top-column elementor-element elementor-element-4a24e96\" data-id=\"4a24e96\" data-element_type=\"column\" data-e-type=\"column\">\n\t\t\t<div class=\"elementor-widget-wrap elementor-element-populated\">\n\t\t\t\t\t\t<div class=\"elementor-element elementor-element-96aa4e2 elementor-widget elementor-widget-text-editor\" data-id=\"96aa4e2\" data-element_type=\"widget\" data-e-type=\"widget\" data-widget_type=\"text-editor.default\">\n\t\t\t\t<div class=\"elementor-widget-container\">\n\t\t\t\t\t\t\t\t\t<div id=\"cc-shop-shipping-free-text\">\u00a0<\/div><div id=\"cc-shop-countries\"><h2 class=\"n\">COUNTRIES WE SHIP TO:<\/h2><table class=\"j-delivery-info\" style=\"height: 707px;\" width=\"320\"><thead><tr><th style=\"text-align: left;\">Country<\/th><th>Standard shipping costs<\/th><\/tr><\/thead><tbody><tr><td>Germany<\/td><td>6,90 \u20ac<\/td><\/tr><tr><td>Austria<\/td><td>14,49 \u20ac<\/td><\/tr><tr><td>Netherlands<\/td><td>14,49 \u20ac<\/td><\/tr><tr><td>Belgium<\/td><td>14,49 \u20ac<\/td><\/tr><tr><td>Luxemburg<\/td><td>14,49 \u20ac<\/td><\/tr><tr><td>France<\/td><td>14,49 \u20ac<\/td><\/tr><tr><td>Monaco<\/td><td>14,49 \u20ac<\/td><\/tr><tr><td>Spain<\/td><td>14,49 \u20ac<\/td><\/tr><tr><td>Portugal<\/td><td>14,49 \u20ac<\/td><\/tr><tr><td>Italy<\/td><td>14,49 \u20ac<\/td><\/tr><tr><td>Griechenland<\/td><td>14,49 \u20ac<\/td><\/tr><tr><td>Malta<\/td><td>14,49 \u20ac<\/td><\/tr><tr><td>Croatia<\/td><td>14,49 \u20ac<\/td><\/tr><tr><td>Ungarn<\/td><td>14,49 \u20ac<\/td><\/tr><tr><td>Denmark<\/td><td>14,49\u20ac<\/td><\/tr><tr><td>Schweden<\/td><td>14,49 \u20ac<\/td><\/tr><tr><td>Finland<\/td><td>14,49 \u20ac<\/td><\/tr><tr><td>Norway<\/td><td>29,99 \u20ac<\/td><\/tr><\/tbody><\/table><\/div><p>Sollte dein Land nicht auf der Liste stehen, kontaktiere und bitte gerne per <a href=\"\/en\/hallo@loulein.de\/\">Mail<\/a>. Wir pr\u00fcfen gerne, ob auch ein Versand zu dir m\u00f6glich ist.<\/p><h2>PAYMENT METHODS:<\/h2><ul><li>PayPal: Bei Auswahl dieser Zahlungsart erfolgt im n\u00e4chsten Schritt die Weiterleitung zu PayPal. Wenn dort die erforderlichen Daten eingetragen worden sind, geht es automatisch zur\u00fcck in diesen Shop, um die Bestellung abzuschlie\u00dfen.<\/li><li>Prepayment: As soon as your payment is on our account, we start our work. (Depending on the bank 1-3 days) Only after receipt of payment our mentioned delivery times are valid.<\/li><\/ul><div id=\"cc-shop-shipping-free-text\"><h2>\u00a0<\/h2><h2 class=\"n\">SPECIAL INSTRUCTIONS FOR SHIPPING ABROAD:<\/h2><p class=\"n\">Bei Lieferungen in das Ausland k\u00f6nnen Z\u00f6lle, Steuern und Geb\u00fchren anfallen, die im angezeigten Gesamtpreis nicht enthalten sind. Diese sind vom K\u00e4ufer bei Lieferung zu bezahlen.<\/p><\/div><div id=\"cc-shop-countries\"><h2 class=\"n\">\u00a0<\/h2><\/div>\t\t\t\t\t\t\t\t<\/div>\n\t\t\t\t<\/div>\n\t\t\t\t\t<\/div>\n\t\t<\/div>\n\t\t\t\t\t<\/div>\n\t\t<\/section>\n\t\t\t\t<\/div>","protected":false},"excerpt":{"rendered":"<p>\u00a0 L\u00c4NDER, IN DIE VERSENDET WIRD: Land Standardversandkosten Deutschland 6,90 \u20ac \u00d6sterreich 14,49 \u20ac Niederlande 14,49 \u20ac Belgien 14,49 \u20ac Luxemburg 14,49 \u20ac Frankreich 14,49 \u20ac Monaco 14,49 \u20ac Spanien 14,49 \u20ac Portugal 14,49 \u20ac Italien 14,49 \u20ac Griechenland 14,49 \u20ac Malta 14,49 \u20ac Kroatien 14,49 \u20ac Ungarn 14,49 \u20ac D\u00e4nemark 14,49\u20ac Schweden 14,49 \u20ac Finnland 14,49 \u20ac Norwegen 29,99 \u20ac Sollte dein Land nicht auf der Liste stehen, kontaktiere&hellip;<\/p>","protected":false},"author":1,"featured_media":0,"parent":0,"menu_order":0,"comment_status":"closed","ping_status":"closed","template":"","meta":{"footnotes":""},"class_list":["post-356","page","type-page","status-publish","hentry"],"jetpack_sharing_enabled":true,"_links":{"self":[{"href":"https:\/\/loulein.de\/en\/wp-json\/wp\/v2\/pages\/356","targetHints":{"allow":["GET"]}}],"collection":[{"href":"https:\/\/loulein.de\/en\/wp-json\/wp\/v2\/pages"}],"about":[{"href":"https:\/\/loulein.de\/en\/wp-json\/wp\/v2\/types\/page"}],"author":[{"embeddable":true,"href":"https:\/\/loulein.de\/en\/wp-json\/wp\/v2\/users\/1"}],"replies":[{"embeddable":true,"href":"https:\/\/loulein.de\/en\/wp-json\/wp\/v2\/comments?post=356"}],"version-history":[{"count":47,"href":"https:\/\/loulein.de\/en\/wp-json\/wp\/v2\/pages\/356\/revisions"}],"predecessor-version":[{"id":6572,"href":"https:\/\/loulein.de\/en\/wp-json\/wp\/v2\/pages\/356\/revisions\/6572"}],"wp:attachment":[{"href":"https:\/\/loulein.de\/en\/wp-json\/wp\/v2\/media?parent=356"}],"curies":[{"name":"wp","href":"https:\/\/api.w.org\/{rel}","templated":true}]}}