{"id":8558,"date":"2026-03-16T19:32:23","date_gmt":"2026-03-16T18:32:23","guid":{"rendered":"https:\/\/loulein.de\/?page_id=8558"},"modified":"2026-03-30T19:20:12","modified_gmt":"2026-03-30T17:20:12","slug":"ueber-uns","status":"publish","type":"page","link":"https:\/\/loulein.de\/en\/ueber-uns\/","title":{"rendered":"\u00dcber uns"},"content":{"rendered":"<div data-elementor-type=\"wp-page\" data-elementor-id=\"8558\" class=\"elementor elementor-8558\">\n\t\t\t\t\t\t<section class=\"elementor-section elementor-top-section elementor-element elementor-element-bc8000a elementor-section-boxed elementor-section-height-default elementor-section-height-default\" data-id=\"bc8000a\" data-element_type=\"section\" data-e-type=\"section\">\n\t\t\t\t\t\t<div class=\"elementor-container elementor-column-gap-default\">\n\t\t\t\t\t<div class=\"elementor-column elementor-col-100 elementor-top-column elementor-element elementor-element-2daa0d5\" data-id=\"2daa0d5\" data-element_type=\"column\" data-e-type=\"column\">\n\t\t\t<div class=\"elementor-widget-wrap elementor-element-populated\">\n\t\t\t\t\t\t<div class=\"elementor-element elementor-element-57d187e elementor-widget elementor-widget-text-editor\" data-id=\"57d187e\" data-element_type=\"widget\" data-e-type=\"widget\" data-widget_type=\"text-editor.default\">\n\t\t\t\t<div class=\"elementor-widget-container\">\n\t\t\t\t\t\t\t\t\t<p>LOULEIN.<\/p><p>MIT LIEBE ZUM DETAIL.<\/p>\t\t\t\t\t\t\t\t<\/div>\n\t\t\t\t<\/div>\n\t\t\t\t<div class=\"elementor-element elementor-element-293afde elementor-widget elementor-widget-text-editor\" data-id=\"293afde\" data-element_type=\"widget\" data-e-type=\"widget\" data-widget_type=\"text-editor.default\">\n\t\t\t\t<div class=\"elementor-widget-container\">\n\t\t\t\t\t\t\t\t\t<p style=\"text-align: center;\">Hallo Du! Sch\u00f6n, dass Du her gefunden hast! Unsere Namen sind Tanja und Lara und wir sind die Gesichter hinter Loulein.\u00a0<\/p>\t\t\t\t\t\t\t\t<\/div>\n\t\t\t\t<\/div>\n\t\t\t\t<div class=\"elementor-element elementor-element-7f5ab5e elementor-widget elementor-widget-spacer\" data-id=\"7f5ab5e\" data-element_type=\"widget\" data-e-type=\"widget\" data-widget_type=\"spacer.default\">\n\t\t\t\t<div class=\"elementor-widget-container\">\n\t\t\t\t\t\t\t<div class=\"elementor-spacer\">\n\t\t\t<div class=\"elementor-spacer-inner\"><\/div>\n\t\t<\/div>\n\t\t\t\t\t\t<\/div>\n\t\t\t\t<\/div>\n\t\t\t\t\t<\/div>\n\t\t<\/div>\n\t\t\t\t\t<\/div>\n\t\t<\/section>\n\t\t\t\t<section class=\"elementor-section elementor-top-section elementor-element elementor-element-e96e5d6 elementor-section-boxed elementor-section-height-default elementor-section-height-default\" data-id=\"e96e5d6\" data-element_type=\"section\" data-e-type=\"section\">\n\t\t\t\t\t\t<div class=\"elementor-container elementor-column-gap-default\">\n\t\t\t\t\t<div class=\"elementor-column elementor-col-100 elementor-top-column elementor-element elementor-element-db6bf1a\" data-id=\"db6bf1a\" data-element_type=\"column\" data-e-type=\"column\">\n\t\t\t<div class=\"elementor-widget-wrap elementor-element-populated\">\n\t\t\t\t\t\t<div class=\"elementor-element elementor-element-a2d0060 elementor-widget elementor-widget-text-editor\" data-id=\"a2d0060\" data-element_type=\"widget\" data-e-type=\"widget\" data-widget_type=\"text-editor.default\">\n\t\t\t\t<div class=\"elementor-widget-container\">\n\t\t\t\t\t\t\t\t\t<p style=\"text-align: center;\">PRODUKTION<\/p>\t\t\t\t\t\t\t\t<\/div>\n\t\t\t\t<\/div>\n\t\t\t\t\t<\/div>\n\t\t<\/div>\n\t\t\t\t\t<\/div>\n\t\t<\/section>\n\t\t\t\t<section class=\"elementor-section elementor-top-section elementor-element elementor-element-031b583 elementor-section-boxed elementor-section-height-default elementor-section-height-default\" data-id=\"031b583\" data-element_type=\"section\" data-e-type=\"section\">\n\t\t\t\t\t\t<div class=\"elementor-container elementor-column-gap-default\">\n\t\t\t\t\t<div class=\"elementor-column elementor-col-50 elementor-top-column elementor-element elementor-element-4dc700d\" data-id=\"4dc700d\" data-element_type=\"column\" data-e-type=\"column\">\n\t\t\t<div class=\"elementor-widget-wrap elementor-element-populated\">\n\t\t\t\t\t\t<div class=\"elementor-element elementor-element-9414b87 elementor-widget elementor-widget-image\" data-id=\"9414b87\" data-element_type=\"widget\" data-e-type=\"widget\" data-widget_type=\"image.default\">\n\t\t\t\t<div class=\"elementor-widget-container\">\n\t\t\t\t\t\t\t\t\t\t\t\t\t\t\t<img fetchpriority=\"high\" decoding=\"async\" width=\"640\" height=\"960\" src=\"https:\/\/loulein.de\/wp-content\/uploads\/2026\/03\/DSC2769-768x1152.jpeg\" class=\"attachment-medium_large size-medium_large wp-image-8579\" alt=\"\" srcset=\"https:\/\/loulein.de\/wp-content\/uploads\/2026\/03\/DSC2769-768x1152.jpeg 768w, https:\/\/loulein.de\/wp-content\/uploads\/2026\/03\/DSC2769-200x300.jpeg 200w, https:\/\/loulein.de\/wp-content\/uploads\/2026\/03\/DSC2769-683x1024.jpeg 683w, https:\/\/loulein.de\/wp-content\/uploads\/2026\/03\/DSC2769-1024x1536.jpeg 1024w, https:\/\/loulein.de\/wp-content\/uploads\/2026\/03\/DSC2769-1365x2048.jpeg 1365w, https:\/\/loulein.de\/wp-content\/uploads\/2026\/03\/DSC2769-8x12.jpeg 8w, https:\/\/loulein.de\/wp-content\/uploads\/2026\/03\/DSC2769-600x900.jpeg 600w, https:\/\/loulein.de\/wp-content\/uploads\/2026\/03\/DSC2769-scaled.jpeg 1707w\" sizes=\"(max-width: 640px) 100vw, 640px\" \/>\t\t\t\t\t\t\t\t\t\t\t\t\t\t\t<\/div>\n\t\t\t\t<\/div>\n\t\t\t\t\t<\/div>\n\t\t<\/div>\n\t\t\t\t<div class=\"elementor-column elementor-col-50 elementor-top-column elementor-element elementor-element-7e2b1f7\" data-id=\"7e2b1f7\" data-element_type=\"column\" data-e-type=\"column\">\n\t\t\t<div class=\"elementor-widget-wrap elementor-element-populated\">\n\t\t\t\t\t\t<div class=\"elementor-element elementor-element-36ebcf5 elementor-widget elementor-widget-text-editor\" data-id=\"36ebcf5\" data-element_type=\"widget\" data-e-type=\"widget\" data-widget_type=\"text-editor.default\">\n\t\t\t\t<div class=\"elementor-widget-container\">\n\t\t\t\t\t\t\t\t\t<p>HEY, ICH BIN TANJA!<\/p>\t\t\t\t\t\t\t\t<\/div>\n\t\t\t\t<\/div>\n\t\t\t\t<div class=\"elementor-element elementor-element-7e89edb elementor-widget elementor-widget-text-editor\" data-id=\"7e89edb\" data-element_type=\"widget\" data-e-type=\"widget\" data-widget_type=\"text-editor.default\">\n\t\t\t\t<div class=\"elementor-widget-container\">\n\t\t\t\t\t\t\t\t\t<p>&#8222;Ich k\u00fcmmere mich um die Fertigung unserer Produkte. Jedes einzelne St\u00fcck geht durch meine H\u00e4nde und verl\u00e4sst die Werkstatt nur, wenn es wirklich makellos ist. Dabei achte ich besonders auf die kleinen Details, denn genau sie machen ein Produkt am Ende besonders. Gleichzeitig arbeite ich immer daran, unsere Produkte weiter zu verbessern und neue Ideen umzusetzen.<\/p><p><br><\/p>\n<p>Ich freue mich \u00fcber jeden einzelnen Hund, der in LOULEIN gekleidet ist.&#8220;<\/p>\t\t\t\t\t\t\t\t<\/div>\n\t\t\t\t<\/div>\n\t\t\t\t<div class=\"elementor-element elementor-element-067e9c6 elementor-widget elementor-widget-text-editor\" data-id=\"067e9c6\" data-element_type=\"widget\" data-e-type=\"widget\" data-widget_type=\"text-editor.default\">\n\t\t\t\t<div class=\"elementor-widget-container\">\n\t\t\t\t\t\t\t\t\t<p style=\"text-align: center;\"><span style=\"color: #8b7f61;\">Meine pers\u00f6nlichen Favoriten<\/span><\/p>\t\t\t\t\t\t\t\t<\/div>\n\t\t\t\t<\/div>\n\t\t\t\t<div class=\"elementor-element elementor-element-afbc0be elementor-widget elementor-widget-text-editor\" data-id=\"afbc0be\" data-element_type=\"widget\" data-e-type=\"widget\" data-widget_type=\"text-editor.default\">\n\t\t\t\t<div class=\"elementor-widget-container\">\n\t\t\t\t\t\t\t\t\t<p style=\"text-align: center;\">KEKOH &amp; VAARY\u00a0<\/p>\t\t\t\t\t\t\t\t<\/div>\n\t\t\t\t<\/div>\n\t\t\t\t<div class=\"elementor-element elementor-element-8a3229b elementor-align-center elementor-tablet-align-center elementor-mobile-align-center elementor-widget elementor-widget-button\" data-id=\"8a3229b\" data-element_type=\"widget\" data-e-type=\"widget\" data-widget_type=\"button.default\">\n\t\t\t\t<div class=\"elementor-widget-container\">\n\t\t\t\t\t\t\t\t\t<div class=\"elementor-button-wrapper\">\n\t\t\t\t\t<a class=\"elementor-button elementor-button-link elementor-size-sm\" href=\"https:\/\/loulein.de\/en\/product\/kekoh-classic\/\">\n\t\t\t\t\t\t<span class=\"elementor-button-content-wrapper\">\n\t\t\t\t\t\t\t\t\t<span class=\"elementor-button-text\">KEKOH<\/span>\n\t\t\t\t\t<\/span>\n\t\t\t\t\t<\/a>\n\t\t\t\t<\/div>\n\t\t\t\t\t\t\t\t<\/div>\n\t\t\t\t<\/div>\n\t\t\t\t\t<\/div>\n\t\t<\/div>\n\t\t\t\t\t<\/div>\n\t\t<\/section>\n\t\t\t\t<section class=\"elementor-section elementor-top-section elementor-element elementor-element-5445a93 elementor-section-boxed elementor-section-height-default elementor-section-height-default\" data-id=\"5445a93\" data-element_type=\"section\" data-e-type=\"section\">\n\t\t\t\t\t\t<div class=\"elementor-container elementor-column-gap-default\">\n\t\t\t\t\t<div class=\"elementor-column elementor-col-100 elementor-top-column elementor-element elementor-element-145d518\" data-id=\"145d518\" data-element_type=\"column\" data-e-type=\"column\">\n\t\t\t<div class=\"elementor-widget-wrap elementor-element-populated\">\n\t\t\t\t\t\t<div class=\"elementor-element elementor-element-f8cdaf4 elementor-widget elementor-widget-spacer\" data-id=\"f8cdaf4\" data-element_type=\"widget\" data-e-type=\"widget\" data-widget_type=\"spacer.default\">\n\t\t\t\t<div class=\"elementor-widget-container\">\n\t\t\t\t\t\t\t<div class=\"elementor-spacer\">\n\t\t\t<div class=\"elementor-spacer-inner\"><\/div>\n\t\t<\/div>\n\t\t\t\t\t\t<\/div>\n\t\t\t\t<\/div>\n\t\t\t\t\t<\/div>\n\t\t<\/div>\n\t\t\t\t\t<\/div>\n\t\t<\/section>\n\t\t\t\t<section class=\"elementor-section elementor-top-section elementor-element elementor-element-fae425b elementor-section-boxed elementor-section-height-default elementor-section-height-default\" data-id=\"fae425b\" data-element_type=\"section\" data-e-type=\"section\">\n\t\t\t\t\t\t<div class=\"elementor-container elementor-column-gap-default\">\n\t\t\t\t\t<div class=\"elementor-column elementor-col-100 elementor-top-column elementor-element elementor-element-7e5fc7a\" data-id=\"7e5fc7a\" data-element_type=\"column\" data-e-type=\"column\">\n\t\t\t<div class=\"elementor-widget-wrap elementor-element-populated\">\n\t\t\t\t\t\t<div class=\"elementor-element elementor-element-6695f03 elementor-widget elementor-widget-text-editor\" data-id=\"6695f03\" data-element_type=\"widget\" data-e-type=\"widget\" data-widget_type=\"text-editor.default\">\n\t\t\t\t<div class=\"elementor-widget-container\">\n\t\t\t\t\t\t\t\t\t<p style=\"text-align: center;\">DESIGN<\/p>\t\t\t\t\t\t\t\t<\/div>\n\t\t\t\t<\/div>\n\t\t\t\t\t<\/div>\n\t\t<\/div>\n\t\t\t\t\t<\/div>\n\t\t<\/section>\n\t\t\t\t<section class=\"elementor-section elementor-top-section elementor-element elementor-element-69e266d elementor-section-boxed elementor-section-height-default elementor-section-height-default\" data-id=\"69e266d\" data-element_type=\"section\" data-e-type=\"section\">\n\t\t\t\t\t\t<div class=\"elementor-container elementor-column-gap-default\">\n\t\t\t\t\t<div class=\"elementor-column elementor-col-50 elementor-top-column elementor-element elementor-element-7c1f369\" data-id=\"7c1f369\" data-element_type=\"column\" data-e-type=\"column\">\n\t\t\t<div class=\"elementor-widget-wrap elementor-element-populated\">\n\t\t\t\t\t\t<div class=\"elementor-element elementor-element-e42d4e5 elementor-widget elementor-widget-image\" data-id=\"e42d4e5\" data-element_type=\"widget\" data-e-type=\"widget\" data-widget_type=\"image.default\">\n\t\t\t\t<div class=\"elementor-widget-container\">\n\t\t\t\t\t\t\t\t\t\t\t\t\t\t\t<img decoding=\"async\" width=\"640\" height=\"960\" src=\"https:\/\/loulein.de\/wp-content\/uploads\/2026\/03\/DSC3181-768x1152.jpeg\" class=\"attachment-medium_large size-medium_large wp-image-8580\" alt=\"\" srcset=\"https:\/\/loulein.de\/wp-content\/uploads\/2026\/03\/DSC3181-768x1152.jpeg 768w, https:\/\/loulein.de\/wp-content\/uploads\/2026\/03\/DSC3181-200x300.jpeg 200w, https:\/\/loulein.de\/wp-content\/uploads\/2026\/03\/DSC3181-683x1024.jpeg 683w, https:\/\/loulein.de\/wp-content\/uploads\/2026\/03\/DSC3181-1024x1536.jpeg 1024w, https:\/\/loulein.de\/wp-content\/uploads\/2026\/03\/DSC3181-1365x2048.jpeg 1365w, https:\/\/loulein.de\/wp-content\/uploads\/2026\/03\/DSC3181-8x12.jpeg 8w, https:\/\/loulein.de\/wp-content\/uploads\/2026\/03\/DSC3181-600x900.jpeg 600w, https:\/\/loulein.de\/wp-content\/uploads\/2026\/03\/DSC3181-scaled.jpeg 1707w\" sizes=\"(max-width: 640px) 100vw, 640px\" \/>\t\t\t\t\t\t\t\t\t\t\t\t\t\t\t<\/div>\n\t\t\t\t<\/div>\n\t\t\t\t\t<\/div>\n\t\t<\/div>\n\t\t\t\t<div class=\"elementor-column elementor-col-50 elementor-top-column elementor-element elementor-element-066c9b4\" data-id=\"066c9b4\" data-element_type=\"column\" data-e-type=\"column\">\n\t\t\t<div class=\"elementor-widget-wrap elementor-element-populated\">\n\t\t\t\t\t\t<div class=\"elementor-element elementor-element-9368712 elementor-widget elementor-widget-text-editor\" data-id=\"9368712\" data-element_type=\"widget\" data-e-type=\"widget\" data-widget_type=\"text-editor.default\">\n\t\t\t\t<div class=\"elementor-widget-container\">\n\t\t\t\t\t\t\t\t\t<p>HI! MEIN NAME IST LARA.<\/p>\t\t\t\t\t\t\t\t<\/div>\n\t\t\t\t<\/div>\n\t\t\t\t<div class=\"elementor-element elementor-element-7c2289e elementor-widget elementor-widget-text-editor\" data-id=\"7c2289e\" data-element_type=\"widget\" data-e-type=\"widget\" data-widget_type=\"text-editor.default\">\n\t\t\t\t<div class=\"elementor-widget-container\">\n\t\t\t\t\t\t\t\t\t<p>&#8222;Ich k\u00fcmmere mich um unseren Online-Shop und unseren Social-Media-Auftritt. Dabei sorge ich daf\u00fcr, dass neue Produkte im Shop eingepflegt werden und alle Inhalte aktuell bleiben. Au\u00dferdem bin ich oft die erste Ansprechpartnerin f\u00fcr Euch und gebe mir beste M\u00fche um all Eure Fragen zu beantworten.&#8220;<\/p>\t\t\t\t\t\t\t\t<\/div>\n\t\t\t\t<\/div>\n\t\t\t\t<div class=\"elementor-element elementor-element-03b617f elementor-widget elementor-widget-text-editor\" data-id=\"03b617f\" data-element_type=\"widget\" data-e-type=\"widget\" data-widget_type=\"text-editor.default\">\n\t\t\t\t<div class=\"elementor-widget-container\">\n\t\t\t\t\t\t\t\t\t<p style=\"text-align: center;\"><span style=\"color: #a377a8;\">Meine Lieblingskombi<\/span><\/p>\t\t\t\t\t\t\t\t<\/div>\n\t\t\t\t<\/div>\n\t\t\t\t<div class=\"elementor-element elementor-element-7a1dbc1 elementor-widget elementor-widget-text-editor\" data-id=\"7a1dbc1\" data-element_type=\"widget\" data-e-type=\"widget\" data-widget_type=\"text-editor.default\">\n\t\t\t\t<div class=\"elementor-widget-container\">\n\t\t\t\t\t\t\t\t\t<p style=\"text-align: center;\">LUDDY PLET &amp; VAARY PLET<\/p>\t\t\t\t\t\t\t\t<\/div>\n\t\t\t\t<\/div>\n\t\t\t\t<div class=\"elementor-element elementor-element-5f5f551 elementor-align-center elementor-tablet-align-center elementor-mobile-align-center elementor-widget elementor-widget-button\" data-id=\"5f5f551\" data-element_type=\"widget\" data-e-type=\"widget\" data-widget_type=\"button.default\">\n\t\t\t\t<div class=\"elementor-widget-container\">\n\t\t\t\t\t\t\t\t\t<div class=\"elementor-button-wrapper\">\n\t\t\t\t\t<a class=\"elementor-button elementor-button-link elementor-size-sm\" href=\"https:\/\/loulein.de\/en\/product\/luddy-plet\/\">\n\t\t\t\t\t\t<span class=\"elementor-button-content-wrapper\">\n\t\t\t\t\t\t\t\t\t<span class=\"elementor-button-text\">LUDDY PLET<\/span>\n\t\t\t\t\t<\/span>\n\t\t\t\t\t<\/a>\n\t\t\t\t<\/div>\n\t\t\t\t\t\t\t\t<\/div>\n\t\t\t\t<\/div>\n\t\t\t\t\t<\/div>\n\t\t<\/div>\n\t\t\t\t\t<\/div>\n\t\t<\/section>\n\t\t\t\t<section class=\"elementor-section elementor-top-section elementor-element elementor-element-74fe473 elementor-section-boxed elementor-section-height-default elementor-section-height-default\" data-id=\"74fe473\" data-element_type=\"section\" data-e-type=\"section\">\n\t\t\t\t\t\t<div class=\"elementor-container elementor-column-gap-default\">\n\t\t\t\t\t<div class=\"elementor-column elementor-col-100 elementor-top-column elementor-element elementor-element-1e6f0c3\" data-id=\"1e6f0c3\" data-element_type=\"column\" data-e-type=\"column\">\n\t\t\t<div class=\"elementor-widget-wrap elementor-element-populated\">\n\t\t\t\t\t\t<div class=\"elementor-element elementor-element-ed42807 elementor-widget elementor-widget-spacer\" data-id=\"ed42807\" data-element_type=\"widget\" data-e-type=\"widget\" data-widget_type=\"spacer.default\">\n\t\t\t\t<div class=\"elementor-widget-container\">\n\t\t\t\t\t\t\t<div class=\"elementor-spacer\">\n\t\t\t<div class=\"elementor-spacer-inner\"><\/div>\n\t\t<\/div>\n\t\t\t\t\t\t<\/div>\n\t\t\t\t<\/div>\n\t\t\t\t<div class=\"elementor-element elementor-element-6204d22 elementor-widget elementor-widget-text-editor\" data-id=\"6204d22\" data-element_type=\"widget\" data-e-type=\"widget\" data-widget_type=\"text-editor.default\">\n\t\t\t\t<div class=\"elementor-widget-container\">\n\t\t\t\t\t\t\t\t\t<p style=\"text-align: center;\">UNSERE WERTE<\/p>\t\t\t\t\t\t\t\t<\/div>\n\t\t\t\t<\/div>\n\t\t\t\t\t<\/div>\n\t\t<\/div>\n\t\t\t\t\t<\/div>\n\t\t<\/section>\n\t\t\t\t<section class=\"elementor-section elementor-top-section elementor-element elementor-element-bdde2e1 elementor-section-boxed elementor-section-height-default elementor-section-height-default\" data-id=\"bdde2e1\" data-element_type=\"section\" data-e-type=\"section\">\n\t\t\t\t\t\t<div class=\"elementor-container elementor-column-gap-default\">\n\t\t\t\t\t<div class=\"elementor-column elementor-col-50 elementor-top-column elementor-element elementor-element-40377c5\" data-id=\"40377c5\" data-element_type=\"column\" data-e-type=\"column\">\n\t\t\t<div class=\"elementor-widget-wrap elementor-element-populated\">\n\t\t\t\t\t\t<div class=\"elementor-element elementor-element-bd68168 elementor-widget elementor-widget-image\" data-id=\"bd68168\" data-element_type=\"widget\" data-e-type=\"widget\" data-widget_type=\"image.default\">\n\t\t\t\t<div class=\"elementor-widget-container\">\n\t\t\t\t\t\t\t\t\t\t\t\t\t\t\t<img decoding=\"async\" width=\"640\" height=\"640\" src=\"https:\/\/loulein.de\/wp-content\/uploads\/2026\/03\/IMG_6810-1024x1024.png\" class=\"attachment-large size-large wp-image-8578\" alt=\"\" srcset=\"https:\/\/loulein.de\/wp-content\/uploads\/2026\/03\/IMG_6810-1024x1024.png 1024w, https:\/\/loulein.de\/wp-content\/uploads\/2026\/03\/IMG_6810-300x300.png 300w, https:\/\/loulein.de\/wp-content\/uploads\/2026\/03\/IMG_6810-150x150.png 150w, https:\/\/loulein.de\/wp-content\/uploads\/2026\/03\/IMG_6810-768x768.png 768w, https:\/\/loulein.de\/wp-content\/uploads\/2026\/03\/IMG_6810-1536x1536.png 1536w, https:\/\/loulein.de\/wp-content\/uploads\/2026\/03\/IMG_6810-12x12.png 12w, https:\/\/loulein.de\/wp-content\/uploads\/2026\/03\/IMG_6810-600x600.png 600w, https:\/\/loulein.de\/wp-content\/uploads\/2026\/03\/IMG_6810-100x100.png 100w, https:\/\/loulein.de\/wp-content\/uploads\/2026\/03\/IMG_6810.png 2048w\" sizes=\"(max-width: 640px) 100vw, 640px\" \/>\t\t\t\t\t\t\t\t\t\t\t\t\t\t\t<\/div>\n\t\t\t\t<\/div>\n\t\t\t\t\t<\/div>\n\t\t<\/div>\n\t\t\t\t<div class=\"elementor-column elementor-col-50 elementor-top-column elementor-element elementor-element-70adf62\" data-id=\"70adf62\" data-element_type=\"column\" data-e-type=\"column\">\n\t\t\t<div class=\"elementor-widget-wrap elementor-element-populated\">\n\t\t\t\t\t\t<div class=\"elementor-element elementor-element-4b90d91 elementor-widget elementor-widget-text-editor\" data-id=\"4b90d91\" data-element_type=\"widget\" data-e-type=\"widget\" data-widget_type=\"text-editor.default\">\n\t\t\t\t<div class=\"elementor-widget-container\">\n\t\t\t\t\t\t\t\t\t<p style=\"text-align: center;\">QUALIT\u00c4T STATT MASSENPRODUKTION\u00a0<\/p>\t\t\t\t\t\t\t\t<\/div>\n\t\t\t\t<\/div>\n\t\t\t\t<div class=\"elementor-element elementor-element-c67a8c1 elementor-widget elementor-widget-text-editor\" data-id=\"c67a8c1\" data-element_type=\"widget\" data-e-type=\"widget\" data-widget_type=\"text-editor.default\">\n\t\t\t\t<div class=\"elementor-widget-container\">\n\t\t\t\t\t\t\t\t\t<p>Bei uns steht Qualit\u00e4t an erster Stelle \u2013 jedes Produkt wird mit gro\u00dfer Sorgfalt gefertigt, statt in gro\u00dfer Masse produziert.<\/p>\t\t\t\t\t\t\t\t<\/div>\n\t\t\t\t<\/div>\n\t\t\t\t<div class=\"elementor-element elementor-element-07abcd2 elementor-widget elementor-widget-text-editor\" data-id=\"07abcd2\" data-element_type=\"widget\" data-e-type=\"widget\" data-widget_type=\"text-editor.default\">\n\t\t\t\t<div class=\"elementor-widget-container\">\n\t\t\t\t\t\t\t\t\t<p style=\"text-align: center;\">EHRLICHE HANDARBEIT<\/p>\t\t\t\t\t\t\t\t<\/div>\n\t\t\t\t<\/div>\n\t\t\t\t<div class=\"elementor-element elementor-element-a16cd1b elementor-widget elementor-widget-text-editor\" data-id=\"a16cd1b\" data-element_type=\"widget\" data-e-type=\"widget\" data-widget_type=\"text-editor.default\">\n\t\t\t\t<div class=\"elementor-widget-container\">\n\t\t\t\t\t\t\t\t\t<p>Unsere Produkte entstehen in echter Handarbeit und werden mit viel Liebe gestaltet \u2013 so wird jedes St\u00fcck etwas Besonderes.<\/p>\t\t\t\t\t\t\t\t<\/div>\n\t\t\t\t<\/div>\n\t\t\t\t<div class=\"elementor-element elementor-element-6452c78 elementor-widget elementor-widget-text-editor\" data-id=\"6452c78\" data-element_type=\"widget\" data-e-type=\"widget\" data-widget_type=\"text-editor.default\">\n\t\t\t\t<div class=\"elementor-widget-container\">\n\t\t\t\t\t\t\t\t\t<p style=\"text-align: center;\">LIEBE ZUM DETAIL<\/p>\t\t\t\t\t\t\t\t<\/div>\n\t\t\t\t<\/div>\n\t\t\t\t<div class=\"elementor-element elementor-element-e7d1024 elementor-widget elementor-widget-text-editor\" data-id=\"e7d1024\" data-element_type=\"widget\" data-e-type=\"widget\" data-widget_type=\"text-editor.default\">\n\t\t\t\t<div class=\"elementor-widget-container\">\n\t\t\t\t\t\t\t\t\t<p>Die kleinen Details machen f\u00fcr uns den Unterschied und bekommen deshalb bei jedem Produkt besondere Aufmerksamkeit.<\/p>\t\t\t\t\t\t\t\t<\/div>\n\t\t\t\t<\/div>\n\t\t\t\t\t<\/div>\n\t\t<\/div>\n\t\t\t\t\t<\/div>\n\t\t<\/section>\n\t\t\t\t<\/div>","protected":false},"excerpt":{"rendered":"<p>LOULEIN. MIT LIEBE ZUM DETAIL. Hallo Du! Sch\u00f6n, dass Du her gefunden hast! Unsere Namen sind Tanja und Lara und wir sind die Gesichter hinter Loulein.\u00a0 PRODUKTION HEY, ICH BIN TANJA! &#8222;Ich k\u00fcmmere mich um die Fertigung unserer Produkte. Jedes einzelne St\u00fcck geht durch meine H\u00e4nde und verl\u00e4sst die Werkstatt nur, wenn es wirklich makellos ist. Dabei achte ich besonders auf die kleinen Details, denn genau sie machen ein Produkt&hellip;<\/p>","protected":false},"author":131,"featured_media":0,"parent":0,"menu_order":0,"comment_status":"closed","ping_status":"closed","template":"","meta":{"footnotes":""},"class_list":["post-8558","page","type-page","status-publish","hentry"],"jetpack_sharing_enabled":true,"_links":{"self":[{"href":"https:\/\/loulein.de\/en\/wp-json\/wp\/v2\/pages\/8558","targetHints":{"allow":["GET"]}}],"collection":[{"href":"https:\/\/loulein.de\/en\/wp-json\/wp\/v2\/pages"}],"about":[{"href":"https:\/\/loulein.de\/en\/wp-json\/wp\/v2\/types\/page"}],"author":[{"embeddable":true,"href":"https:\/\/loulein.de\/en\/wp-json\/wp\/v2\/users\/131"}],"replies":[{"embeddable":true,"href":"https:\/\/loulein.de\/en\/wp-json\/wp\/v2\/comments?post=8558"}],"version-history":[{"count":88,"href":"https:\/\/loulein.de\/en\/wp-json\/wp\/v2\/pages\/8558\/revisions"}],"predecessor-version":[{"id":8669,"href":"https:\/\/loulein.de\/en\/wp-json\/wp\/v2\/pages\/8558\/revisions\/8669"}],"wp:attachment":[{"href":"https:\/\/loulein.de\/en\/wp-json\/wp\/v2\/media?parent=8558"}],"curies":[{"name":"wp","href":"https:\/\/api.w.org\/{rel}","templated":true}]}}