{"id":128,"date":"2020-06-27T19:37:39","date_gmt":"2020-06-27T17:37:39","guid":{"rendered":"https:\/\/loulein.de\/?post_type=product&#038;p=128"},"modified":"2026-02-15T09:18:34","modified_gmt":"2026-02-15T08:18:34","slug":"fat-baily","status":"publish","type":"product","link":"https:\/\/loulein.de\/en\/product\/fat-baily\/","title":{"rendered":"FAT BAILY"},"content":{"rendered":"<p>Das \u201eFAT BAILY\u201c von Loulein! Ein echter Hingucker aus vegetabil gegerbten, deutschem Leder &amp; Biothane!<\/p>\n<p>Das etwas andere Halsband. Das FAT BAILY gibt es in allen Gr\u00f6\u00dfen ab 25 cm Halsumfang und ist nat\u00fcrlich mit verschiedenen Biothane-Farben bestellbar.<\/p>\n<p><strong>100% handmade<\/strong><\/p>\n<ul>\n<li>vegetable tanned leather<\/li>\n<li>soft, sealed edges<\/li>\n<li>high quality brass hardware<\/li>\n<li>natural leather<\/li>\n<li>available from a neck circumference of 25 cm<\/li>\n<li>Width individually selectable<\/li>\n<li>Width Biothane 3.5 cm Leather: 19 mm<\/li>\n<li>Width Biothane from 4 cm leather: 25 mm<\/li>\n<li>available in different colors<\/li>\n<\/ul>\n<hr \/>\n<h5><span style=\"color: #808080;\"><a style=\"color: #808080;\" href=\"https:\/\/loulein.de\/en\/richtig-messen\/\">CORRECT SIZE! READ HOW TO MEASURE THE NECK CIRCUMFERENCE CORRECTLY.<\/a><\/span><\/h5>\n<hr \/>\n<p>Our products are handmade. You can find the current delivery time at <a href=\"https:\/\/loulein.de\/en\/produktionszeit\/\">Production time<\/a> .<\/p>\n<p>Colors may vary slightly in the digital image. Leather darkens with time.<\/p>\n<p>Do you have any special requests? We can also make your collar with that little bit extra for you. Please write us a <a href=\"mailto:hallo@loulein.de\">Mail<\/a>.<\/p>","protected":false},"excerpt":{"rendered":"<p>Das \u201eFAT BAILY\u201c von Loulein! Ein echter Hingucker aus vegetabil gegerbten, deutschem Leder &amp; Biothane! Das etwas andere Halsband. Das FAT BAILY gibt es in allen Gr\u00f6\u00dfen ab 25 cm Halsumfang und ist nat\u00fcrlich mit verschiedenen Biothane-Farben bestellbar. 100% handmade vegetabil gegerbtes Leder weiche, versiegelte Kanten hochwertige Hardware aus Messing Leder natur ab 25 cm Halsumfang erh\u00e4ltlich Breite individuell w\u00e4hlbar Breite Biothane 3,5 cm Leder: 19 mm Breite Biothane ab&hellip;<\/p>","protected":false},"featured_media":7848,"template":"","meta":[],"product_brand":[],"product_cat":[34,17],"product_tag":[],"class_list":{"0":"post-128","1":"product","2":"type-product","3":"status-publish","4":"has-post-thumbnail","6":"product_cat-classic","7":"product_cat-halsbaender","9":"first","10":"instock","11":"featured","12":"taxable","13":"shipping-taxable","14":"purchasable","15":"product-type-variable"},"jetpack_sharing_enabled":true,"_links":{"self":[{"href":"https:\/\/loulein.de\/en\/wp-json\/wp\/v2\/product\/128","targetHints":{"allow":["GET"]}}],"collection":[{"href":"https:\/\/loulein.de\/en\/wp-json\/wp\/v2\/product"}],"about":[{"href":"https:\/\/loulein.de\/en\/wp-json\/wp\/v2\/types\/product"}],"wp:featuredmedia":[{"embeddable":true,"href":"https:\/\/loulein.de\/en\/wp-json\/wp\/v2\/media\/7848"}],"wp:attachment":[{"href":"https:\/\/loulein.de\/en\/wp-json\/wp\/v2\/media?parent=128"}],"wp:term":[{"taxonomy":"product_brand","embeddable":true,"href":"https:\/\/loulein.de\/en\/wp-json\/wp\/v2\/product_brand?post=128"},{"taxonomy":"product_cat","embeddable":true,"href":"https:\/\/loulein.de\/en\/wp-json\/wp\/v2\/product_cat?post=128"},{"taxonomy":"product_tag","embeddable":true,"href":"https:\/\/loulein.de\/en\/wp-json\/wp\/v2\/product_tag?post=128"}],"curies":[{"name":"wp","href":"https:\/\/api.w.org\/{rel}","templated":true}]}}