{"id":2338,"date":"2021-02-11T09:09:53","date_gmt":"2021-02-11T08:09:53","guid":{"rendered":"https:\/\/loulein.de\/?post_type=product&#038;p=2338"},"modified":"2025-11-15T15:38:51","modified_gmt":"2025-11-15T14:38:51","slug":"schluesselanhaenger-yaa","status":"publish","type":"product","link":"https:\/\/loulein.de\/en\/product\/schluesselanhaenger-yaa\/","title":{"rendered":"YAA"},"content":{"rendered":"<p>The matching keychain to your dog's look!<\/p>\n<p>W\u00e4hlt die Gr\u00f6\u00dfe eures Schl\u00fcsselanh\u00e4ngers. Puristisch und praktisch.<\/p>\n<ul>\n<li>soft, sealed edges<\/li>\n<li>Biothane-leather combination<\/li>\n<li>high quality, rustproof brass hardware<\/li>\n<li>Scissor Carabiners<\/li>\n<li>L\u00e4nge ca. 13cm \/ ca. 15cm<\/li>\n<\/ul>\n<p>&nbsp;<\/p>\n<p>Be natural!<br \/>\n100% handmade<\/p>\n<p>Do you have special requests? We also make your keychain with that certain extra for you. Write us a <a href=\"mailto:info@loulein.eu\">Mail<\/a>.<\/p>\n<p>Our products are handmade. You can check the current delivery time at <a href=\"https:\/\/loulein.de\/en\/produktionszeit\/\">Production time<\/a> .<\/p>\n<p>Colors may vary slightly in the digital image.<\/p>","protected":false},"excerpt":{"rendered":"<p>Der passende Schl\u00fcsselanh\u00e4nger zu dem Look eures Hundes! W\u00e4hlt die Gr\u00f6\u00dfe eures Schl\u00fcsselanh\u00e4ngers. Puristisch und praktisch. weiche, versiegelte Kanten Biothane-Leder-Kombi hochwertige, rostfreie Hardware aus Messing Scherenkarabiner L\u00e4nge ca. 13cm \/ ca. 15cm &nbsp; Be natural! 100% handmade Hast du Sonderw\u00fcnsche? Wir fertigen deinen Anh\u00e4nger auch mit dem gewissen Extra f\u00fcr dich. Schreibe uns hierzu eine Mail. Unsere Produkte werden handgefertigt. Die aktuelle Lieferzeit kannst du unter Produktionszeit nachlesen. Farben k\u00f6nnen&hellip;<\/p>","protected":false},"featured_media":7052,"template":"","meta":[],"product_brand":[],"product_cat":[198],"product_tag":[],"class_list":{"0":"post-2338","1":"product","2":"type-product","3":"status-publish","4":"has-post-thumbnail","6":"product_cat-accessoires","8":"first","9":"instock","10":"taxable","11":"shipping-taxable","12":"purchasable","13":"product-type-variable"},"jetpack_sharing_enabled":true,"_links":{"self":[{"href":"https:\/\/loulein.de\/en\/wp-json\/wp\/v2\/product\/2338","targetHints":{"allow":["GET"]}}],"collection":[{"href":"https:\/\/loulein.de\/en\/wp-json\/wp\/v2\/product"}],"about":[{"href":"https:\/\/loulein.de\/en\/wp-json\/wp\/v2\/types\/product"}],"wp:featuredmedia":[{"embeddable":true,"href":"https:\/\/loulein.de\/en\/wp-json\/wp\/v2\/media\/7052"}],"wp:attachment":[{"href":"https:\/\/loulein.de\/en\/wp-json\/wp\/v2\/media?parent=2338"}],"wp:term":[{"taxonomy":"product_brand","embeddable":true,"href":"https:\/\/loulein.de\/en\/wp-json\/wp\/v2\/product_brand?post=2338"},{"taxonomy":"product_cat","embeddable":true,"href":"https:\/\/loulein.de\/en\/wp-json\/wp\/v2\/product_cat?post=2338"},{"taxonomy":"product_tag","embeddable":true,"href":"https:\/\/loulein.de\/en\/wp-json\/wp\/v2\/product_tag?post=2338"}],"curies":[{"name":"wp","href":"https:\/\/api.w.org\/{rel}","templated":true}]}}