{"id":2686,"date":"2021-05-02T10:40:13","date_gmt":"2021-05-02T08:40:13","guid":{"rendered":"https:\/\/loulein.de\/?post_type=product&#038;p=2686"},"modified":"2025-11-15T15:36:32","modified_gmt":"2025-11-15T14:36:32","slug":"vaary-splash","status":"publish","type":"product","link":"https:\/\/loulein.de\/en\/product\/vaary-splash\/","title":{"rendered":"VAARY Splash"},"content":{"rendered":"<p>VAARY Splash &#8211; die variable Leine f\u00fcr jede Situation in Eurem Alltag! Und das aus 100% Biothane.<\/p>\n<p>Dank vielen Verstellm\u00f6glichkeiten k\u00f6nnt Ihr Eure VAARY Splash f\u00fcr jede Gelegenheit individuell einstellen. Bitte beachte, dass die Anzahl der Verstellm\u00f6glichkeiten von der L\u00e4nge abh\u00e4ngig ist.<\/p>\n<ul>\n<li>weather resistant biothane<\/li>\n<li>high quality, rustproof brass hardware<\/li>\n<li>Colours according to your wishes<\/li>\n<li>available in 7 different lengths<\/li>\n<li>Adjustment options freely selectable<\/li>\n<li>matching collar available<\/li>\n<\/ul>\n<p>&nbsp;<\/p>\n<p>Color your dogs life! Available in different colors.<br \/>\n100% handmade<\/p>\n<p>Our products are handmade. You can find the current delivery time at\u00a0<a href=\"https:\/\/loulein.de\/en\/produktionszeit\/\">Production time<\/a>\u00a0.<\/p>\n<p>Do you have any special requests? We can also make your VAARY leash with that little something extra for you. Please write us a <a href=\"mailto:hallo@loulein.de\">Mail<\/a>.<\/p>\n<p>Colors may vary slightly in the digital image.<\/p>","protected":false},"excerpt":{"rendered":"<p>VAARY Splash &#8211; die variable Leine f\u00fcr jede Situation in Eurem Alltag! Und das aus 100% Biothane. Dank vielen Verstellm\u00f6glichkeiten k\u00f6nnt Ihr Eure VAARY Splash f\u00fcr jede Gelegenheit individuell einstellen. Bitte beachte, dass die Anzahl der Verstellm\u00f6glichkeiten von der L\u00e4nge abh\u00e4ngig ist. wetterbest\u00e4ndiges Biothane hochwertige, rostfreie Hardware aus Messing Farben nach Euren W\u00fcnschen in 7 verschiedenen L\u00e4ngen erh\u00e4ltlich Verstellm\u00f6glichkeiten frei w\u00e4hlbar passendes Halsband erh\u00e4ltlich &nbsp; Macht das Hundeleben bunter! In&hellip;<\/p>","protected":false},"featured_media":7867,"template":"","meta":[],"product_brand":[],"product_cat":[15,133],"product_tag":[],"class_list":{"0":"post-2686","1":"product","2":"type-product","3":"status-publish","4":"has-post-thumbnail","6":"product_cat-leinen","7":"product_cat-splash-edition","9":"first","10":"instock","11":"taxable","12":"shipping-taxable","13":"purchasable","14":"product-type-variable"},"jetpack_sharing_enabled":true,"_links":{"self":[{"href":"https:\/\/loulein.de\/en\/wp-json\/wp\/v2\/product\/2686","targetHints":{"allow":["GET"]}}],"collection":[{"href":"https:\/\/loulein.de\/en\/wp-json\/wp\/v2\/product"}],"about":[{"href":"https:\/\/loulein.de\/en\/wp-json\/wp\/v2\/types\/product"}],"wp:featuredmedia":[{"embeddable":true,"href":"https:\/\/loulein.de\/en\/wp-json\/wp\/v2\/media\/7867"}],"wp:attachment":[{"href":"https:\/\/loulein.de\/en\/wp-json\/wp\/v2\/media?parent=2686"}],"wp:term":[{"taxonomy":"product_brand","embeddable":true,"href":"https:\/\/loulein.de\/en\/wp-json\/wp\/v2\/product_brand?post=2686"},{"taxonomy":"product_cat","embeddable":true,"href":"https:\/\/loulein.de\/en\/wp-json\/wp\/v2\/product_cat?post=2686"},{"taxonomy":"product_tag","embeddable":true,"href":"https:\/\/loulein.de\/en\/wp-json\/wp\/v2\/product_tag?post=2686"}],"curies":[{"name":"wp","href":"https:\/\/api.w.org\/{rel}","templated":true}]}}