{"id":2695,"date":"2021-05-02T10:41:08","date_gmt":"2021-05-02T08:41:08","guid":{"rendered":"https:\/\/loulein.de\/?post_type=product&#038;p=2695"},"modified":"2025-11-15T15:34:47","modified_gmt":"2025-11-15T14:34:47","slug":"luun-splash","status":"publish","type":"product","link":"https:\/\/loulein.de\/en\/product\/luun-splash\/","title":{"rendered":"LUUN Splash"},"content":{"rendered":"<p>LUUN Splash &#8211; die robuste Leine f\u00fcr den Alltag! Unsere Leine LUUN Splash ist der perfekte Begleiter f\u00fcr Euren Spaziergang! Aus 100% Biothane &#8211; dennoch im klassischen Loulein-Style.<br \/>\nDie Leine verf\u00fcgt \u00fcber einen integrierten O-Ring am Griff, sodass Ihr sie ganz bequem umh\u00e4ngen k\u00f6nnt.<\/p>\n<ul>\n<li>weather resistant biothane<\/li>\n<li>Schlaufengriff aus dicker Biothane (3,6 mm)<\/li>\n<li>high quality, rustproof brass hardware<\/li>\n<li>Colors according to your wishes<\/li>\n<li>available in 6 different lengths<\/li>\n<li>matching collar available<\/li>\n<\/ul>\n<p>&nbsp;<\/p>\n<p>Color up your dogs life!<br \/>\n100% handmade<\/p>\n<p>Hast Du Sonderw\u00fcnsche? Wir fertigen Deine Leine LUUN auch mit dem gewissen Extra f\u00fcr Dich. Schreibe uns hierzu eine <a href=\"mailto:hallo@loulein.de\">Mail<\/a>.<\/p>\n<p>Our products are handmade. You can find the current delivery time at <a href=\"https:\/\/loulein.de\/en\/produktionszeit\/\">Production time<\/a> .<\/p>\n<p>Colors may vary slightly in the digital image.<\/p>","protected":false},"excerpt":{"rendered":"<p>LUUN Splash &#8211; die robuste Leine f\u00fcr den Alltag! Unsere Leine LUUN Splash ist der perfekte Begleiter f\u00fcr Euren Spaziergang! Aus 100% Biothane &#8211; dennoch im klassischen Loulein-Style. Die Leine verf\u00fcgt \u00fcber einen integrierten O-Ring am Griff, sodass Ihr sie ganz bequem umh\u00e4ngen k\u00f6nnt. wetterbest\u00e4ndiges Biothane Schlaufengriff aus dicker Biothane (3,6 mm) hochwertige, rostfreie Hardware aus Messing Farbe nach Euren W\u00fcnschen in 6 verschiedenen L\u00e4ngen erh\u00e4ltlich passendes Halsband erh\u00e4ltlich &nbsp;&hellip;<\/p>","protected":false},"featured_media":2822,"template":"","meta":[],"product_brand":[],"product_cat":[15,133],"product_tag":[],"class_list":{"0":"post-2695","1":"product","2":"type-product","3":"status-publish","4":"has-post-thumbnail","6":"product_cat-leinen","7":"product_cat-splash-edition","9":"first","10":"instock","11":"taxable","12":"shipping-taxable","13":"purchasable","14":"product-type-variable"},"jetpack_sharing_enabled":true,"_links":{"self":[{"href":"https:\/\/loulein.de\/en\/wp-json\/wp\/v2\/product\/2695","targetHints":{"allow":["GET"]}}],"collection":[{"href":"https:\/\/loulein.de\/en\/wp-json\/wp\/v2\/product"}],"about":[{"href":"https:\/\/loulein.de\/en\/wp-json\/wp\/v2\/types\/product"}],"wp:featuredmedia":[{"embeddable":true,"href":"https:\/\/loulein.de\/en\/wp-json\/wp\/v2\/media\/2822"}],"wp:attachment":[{"href":"https:\/\/loulein.de\/en\/wp-json\/wp\/v2\/media?parent=2695"}],"wp:term":[{"taxonomy":"product_brand","embeddable":true,"href":"https:\/\/loulein.de\/en\/wp-json\/wp\/v2\/product_brand?post=2695"},{"taxonomy":"product_cat","embeddable":true,"href":"https:\/\/loulein.de\/en\/wp-json\/wp\/v2\/product_cat?post=2695"},{"taxonomy":"product_tag","embeddable":true,"href":"https:\/\/loulein.de\/en\/wp-json\/wp\/v2\/product_tag?post=2695"}],"curies":[{"name":"wp","href":"https:\/\/api.w.org\/{rel}","templated":true}]}}