{"id":3279,"date":"2021-08-25T12:42:22","date_gmt":"2021-08-25T10:42:22","guid":{"rendered":"https:\/\/loulein.de\/?post_type=product&#038;p=3279"},"modified":"2025-11-15T15:32:46","modified_gmt":"2025-11-15T14:32:46","slug":"handschlaufe-payr","status":"publish","type":"product","link":"https:\/\/loulein.de\/en\/product\/handschlaufe-payr\/","title":{"rendered":"KORT"},"content":{"rendered":"<p>Stelle deine Koppelleine nach Belieben zusammen. Die praktische Handschlaufe kannst du einzeln in den Warenkorb legen und deine gew\u00fcnschten Leinen separat hinzuf\u00fcgen.<\/p>\n<p class=\"translation-block\">If you want to buy your leash as a complete set, go here - <a href=\"https:\/\/loulein.de\/en\/product\/payr\/\" target=\"_self\">PAYR<\/a>.<\/p>\n<p>W\u00e4hle bei deiner Handschlaufe aus weichem, deutschen Leder oder buntem Biothane.<\/p>\n<ul>\n<li>vegetable tanned leather or Biothane<\/li>\n<li>soft, sealed edges<\/li>\n<li>drehbarer Wirbel verhindert verheddern der Leinen, sonst erh\u00e4ltlich mit O-Ring, Scherenkarabiner oder Bolzenkarabiner<\/li>\n<li>Biothane color of choice<\/li>\n<li>high quality, rustproof brass hardware<\/li>\n<li>optional mit Namenspr\u00e4gung (nur in Lederschlaufe erh\u00e4ltlich!)<\/li>\n<li>Handschlaufe ca. 30 cm<\/li>\n<li>fits to all our collars<\/li>\n<\/ul>\n<p>&nbsp;<\/p>\n<p>Be natural!<br \/>\n100% handmade<\/p>\n<p>Hast du Sonderw\u00fcnsche? Wir fertigen deine Handschlaufe auch mit dem gewissen Extra f\u00fcr dich. Schreibe uns hierzu eine <a href=\"mailto:info@loulein.eu\">Mail<\/a>.<\/p>\n<p>Our products are handmade. You can check the current delivery time at <a href=\"https:\/\/loulein.de\/en\/produktionszeit\/\">Production time<\/a> .<\/p>\n<p>Colors may vary slightly in the digital image.<\/p>","protected":false},"excerpt":{"rendered":"<p>Stelle deine Koppelleine nach Belieben zusammen. Die praktische Handschlaufe kannst du einzeln in den Warenkorb legen und deine gew\u00fcnschten Leinen separat hinzuf\u00fcgen. Wenn du deine Koppelleine als komplettes Set shoppen m\u00f6chtest geht es hier entlang &#8211; PAYR W\u00e4hle bei deiner Handschlaufe aus weichem, deutschen Leder oder buntem Biothane. vegetabil gegerbtes Leder oder Biothane weiche, versiegelte Lederkanten drehbarer Wirbel verhindert verheddern der Leinen, sonst erh\u00e4ltlich mit O-Ring, Scherenkarabiner oder Bolzenkarabiner Biothanefarbe&hellip;<\/p>","protected":false},"featured_media":7866,"template":"","meta":[],"product_brand":[],"product_cat":[15],"product_tag":[148],"class_list":{"0":"post-3279","1":"product","2":"type-product","3":"status-publish","4":"has-post-thumbnail","6":"product_cat-leinen","7":"product_tag-koppelleine","9":"first","10":"instock","11":"taxable","12":"shipping-taxable","13":"purchasable","14":"product-type-variable"},"jetpack_sharing_enabled":true,"_links":{"self":[{"href":"https:\/\/loulein.de\/en\/wp-json\/wp\/v2\/product\/3279","targetHints":{"allow":["GET"]}}],"collection":[{"href":"https:\/\/loulein.de\/en\/wp-json\/wp\/v2\/product"}],"about":[{"href":"https:\/\/loulein.de\/en\/wp-json\/wp\/v2\/types\/product"}],"wp:featuredmedia":[{"embeddable":true,"href":"https:\/\/loulein.de\/en\/wp-json\/wp\/v2\/media\/7866"}],"wp:attachment":[{"href":"https:\/\/loulein.de\/en\/wp-json\/wp\/v2\/media?parent=3279"}],"wp:term":[{"taxonomy":"product_brand","embeddable":true,"href":"https:\/\/loulein.de\/en\/wp-json\/wp\/v2\/product_brand?post=3279"},{"taxonomy":"product_cat","embeddable":true,"href":"https:\/\/loulein.de\/en\/wp-json\/wp\/v2\/product_cat?post=3279"},{"taxonomy":"product_tag","embeddable":true,"href":"https:\/\/loulein.de\/en\/wp-json\/wp\/v2\/product_tag?post=3279"}],"curies":[{"name":"wp","href":"https:\/\/api.w.org\/{rel}","templated":true}]}}