{"id":331,"date":"2020-07-14T18:52:59","date_gmt":"2020-07-14T16:52:59","guid":{"rendered":"https:\/\/loulein.de\/?post_type=product&#038;p=331"},"modified":"2026-02-15T09:26:21","modified_gmt":"2026-02-15T08:26:21","slug":"kekoh-classic","status":"publish","type":"product","link":"https:\/\/loulein.de\/en\/product\/kekoh-classic\/","title":{"rendered":"KEKOH"},"content":{"rendered":"<p>\u201eKEKOH\u201c &#8211; das Everyday-Zugstopp-Halsband von Loulein. Ein leichtes Halsband aus Biothane und Leder. Praktisch und schick.<\/p>\n<ul>\n<li>weather resistant biothane<\/li>\n<li>vegetable tanned leather<\/li>\n<li>soft, sealed edges<\/li>\n<li>high quality brass hardware<\/li>\n<li>Farben nach Deinen W\u00fcnschen<\/li>\n<li>available from a neck circumference of 25 cm<\/li>\n<li>different widths selectable<\/li>\n<li>matching leash available<\/li>\n<\/ul>\n<p>&nbsp;<\/p>\n<p>Color up your dogs life!<br \/>\n<strong>100% handmade<\/strong><\/p>\n<p>&nbsp;<\/p>\n<hr \/>\n<h5><span style=\"color: #808080;\"><a style=\"color: #808080;\" href=\"https:\/\/loulein.de\/en\/richtig-messen\/\">CORRECT SIZE! READ HOW TO MEASURE THE NECK CIRCUMFERENCE CORRECTLY.<\/a><\/span><\/h5>\n<hr \/>\n<p>&nbsp;<\/p>\n<p>Our products are handmade. You can find the current delivery time at <a href=\"https:\/\/loulein.de\/en\/produktionszeit\/\">Production time<\/a> .<\/p>\n<p>Colors may vary slightly in the digital image. Leather darkens with time.<\/p>\n<p>Do you have any special requests? We can also make your collar with that little bit extra for you. Please write us a <a href=\"mailto:hallo@loulein.de\">Mail<\/a>.<\/p>","protected":false},"excerpt":{"rendered":"<p>\u201eKEKOH\u201c &#8211; das Everyday-Zugstopp-Halsband von Loulein. Ein leichtes Halsband aus Biothane und Leder. Praktisch und schick. wetterbest\u00e4ndiges Biothane vegetabil gegerbtes Leder weiche, versiegelte Kanten hochwertige Hardware aus Messing Farben nach Deinen W\u00fcnschen ab 25 cm Halsumfang erh\u00e4ltlich verschiedene Breiten w\u00e4hlbar passende Leine erh\u00e4ltlich &nbsp; Macht das Hundeleben bunter! 100% handmade &nbsp; RICHTIGE GR\u00d6\u00dfE! LIES WIE DU DEN HALSUMFANG RICHTIG MISST. &nbsp; Unsere Produkte werden handgefertigt. Die aktuelle Lieferzeit kannst Du&hellip;<\/p>","protected":false},"featured_media":7852,"template":"","meta":[],"product_brand":[],"product_cat":[34,17],"product_tag":[],"class_list":{"0":"post-331","1":"product","2":"type-product","3":"status-publish","4":"has-post-thumbnail","6":"product_cat-classic","7":"product_cat-halsbaender","9":"first","10":"instock","11":"taxable","12":"shipping-taxable","13":"purchasable","14":"product-type-variable"},"jetpack_sharing_enabled":true,"_links":{"self":[{"href":"https:\/\/loulein.de\/en\/wp-json\/wp\/v2\/product\/331","targetHints":{"allow":["GET"]}}],"collection":[{"href":"https:\/\/loulein.de\/en\/wp-json\/wp\/v2\/product"}],"about":[{"href":"https:\/\/loulein.de\/en\/wp-json\/wp\/v2\/types\/product"}],"wp:featuredmedia":[{"embeddable":true,"href":"https:\/\/loulein.de\/en\/wp-json\/wp\/v2\/media\/7852"}],"wp:attachment":[{"href":"https:\/\/loulein.de\/en\/wp-json\/wp\/v2\/media?parent=331"}],"wp:term":[{"taxonomy":"product_brand","embeddable":true,"href":"https:\/\/loulein.de\/en\/wp-json\/wp\/v2\/product_brand?post=331"},{"taxonomy":"product_cat","embeddable":true,"href":"https:\/\/loulein.de\/en\/wp-json\/wp\/v2\/product_cat?post=331"},{"taxonomy":"product_tag","embeddable":true,"href":"https:\/\/loulein.de\/en\/wp-json\/wp\/v2\/product_tag?post=331"}],"curies":[{"name":"wp","href":"https:\/\/api.w.org\/{rel}","templated":true}]}}