{"id":340,"date":"2020-07-14T19:09:44","date_gmt":"2020-07-14T17:09:44","guid":{"rendered":"https:\/\/loulein.de\/?post_type=product&#038;p=340"},"modified":"2025-11-15T15:41:11","modified_gmt":"2025-11-15T14:41:11","slug":"luun","status":"publish","type":"product","link":"https:\/\/loulein.de\/en\/product\/luun\/","title":{"rendered":"LUUN"},"content":{"rendered":"<p>LUUN &#8211; die praktische Leine f\u00fcr den Alltag! Unsere Leine LUUN ist der perfekte Begleiter f\u00fcr Euren Spaziergang! Mit einem weichen Ledergriff verleihen wir der Biothane-Leine einen edlen Look.<br \/>\nDie Leine verf\u00fcgt \u00fcber einen integrierten O-Ring am Griff, sodass ihr sie ganz bequem umh\u00e4ngen k\u00f6nnt.<\/p>\n<ul>\n<li>weather resistant biothane<\/li>\n<li>vegetable tanned leather<\/li>\n<li>soft, sealed edges<\/li>\n<li>leather loop handle<\/li>\n<li>high quality, rustproof brass hardware<\/li>\n<li>Farbe nach EurenW\u00fcnschen<\/li>\n<li>available in 4 different lengths<\/li>\n<li>matching collar available<\/li>\n<\/ul>\n<p>&nbsp;<\/p>\n<p>Color up your dogs life!<br \/>\n100% handmade<\/p>\n<p>Hast Du Sonderw\u00fcnsche? Wir fertigen Deine Leine LUUN auch mit dem gewissen Extra f\u00fcr Dich. Schreibe uns hierzu eine <a href=\"mailto:hallo@loulein.de\">Mail<\/a>.<\/p>\n<p>Our products are handmade. You can check the current delivery time at <a href=\"https:\/\/loulein.de\/en\/produktionszeit\/\">Production time<\/a> .<\/p>\n<p>Farben k\u00f6nnen in der digitalen Abbildung abweichen.<\/p>","protected":false},"excerpt":{"rendered":"<p>LUUN &#8211; die praktische Leine f\u00fcr den Alltag! Unsere Leine LUUN ist der perfekte Begleiter f\u00fcr Euren Spaziergang! Mit einem weichen Ledergriff verleihen wir der Biothane-Leine einen edlen Look. Die Leine verf\u00fcgt \u00fcber einen integrierten O-Ring am Griff, sodass ihr sie ganz bequem umh\u00e4ngen k\u00f6nnt. wetterbest\u00e4ndiges Biothane vegetabil gegerbtes Leder weiche, versiegelte Kanten Schlaufengriff aus Leder hochwertige, rostfreie Hardware aus Messing Farbe nach EurenW\u00fcnschen in 4 verschiedenen L\u00e4ngen erh\u00e4ltlich passendes&hellip;<\/p>","protected":false},"featured_media":7864,"template":"","meta":[],"product_brand":[],"product_cat":[34,15],"product_tag":[],"class_list":{"0":"post-340","1":"product","2":"type-product","3":"status-publish","4":"has-post-thumbnail","6":"product_cat-classic","7":"product_cat-leinen","9":"first","10":"instock","11":"taxable","12":"shipping-taxable","13":"purchasable","14":"product-type-variable"},"jetpack_sharing_enabled":true,"_links":{"self":[{"href":"https:\/\/loulein.de\/en\/wp-json\/wp\/v2\/product\/340","targetHints":{"allow":["GET"]}}],"collection":[{"href":"https:\/\/loulein.de\/en\/wp-json\/wp\/v2\/product"}],"about":[{"href":"https:\/\/loulein.de\/en\/wp-json\/wp\/v2\/types\/product"}],"wp:featuredmedia":[{"embeddable":true,"href":"https:\/\/loulein.de\/en\/wp-json\/wp\/v2\/media\/7864"}],"wp:attachment":[{"href":"https:\/\/loulein.de\/en\/wp-json\/wp\/v2\/media?parent=340"}],"wp:term":[{"taxonomy":"product_brand","embeddable":true,"href":"https:\/\/loulein.de\/en\/wp-json\/wp\/v2\/product_brand?post=340"},{"taxonomy":"product_cat","embeddable":true,"href":"https:\/\/loulein.de\/en\/wp-json\/wp\/v2\/product_cat?post=340"},{"taxonomy":"product_tag","embeddable":true,"href":"https:\/\/loulein.de\/en\/wp-json\/wp\/v2\/product_tag?post=340"}],"curies":[{"name":"wp","href":"https:\/\/api.w.org\/{rel}","templated":true}]}}