{"id":4841,"date":"2022-06-22T17:44:12","date_gmt":"2022-06-22T15:44:12","guid":{"rendered":"https:\/\/loulein.de\/?post_type=product&#038;p=4841"},"modified":"2025-11-15T15:31:38","modified_gmt":"2025-11-15T14:31:38","slug":"luna","status":"publish","type":"product","link":"https:\/\/loulein.de\/en\/product\/luna\/","title":{"rendered":"LUNA"},"content":{"rendered":"<p>LUNA Classic &#8211; die Retrieverleine im klassischen Loulein-Look! Halsband und Leine sind unzertrennlich vereint und ein Must-Have f\u00fcr alle, die beim Freilauf auf das Halsband am Hund verzichten m\u00f6chten. Mit einem weichen Ledergriff verleihen wir der Biothane-Leder-Kombi eine angenehme Handhabung. Alternativ kann die Moxonleine auch als verstellbare Variante gew\u00e4hlt werden.<\/p>\n<p>NEW - Choose the collar part in wider biothane.<\/p>\n<ul>\n<li>weather resistant biothane<\/li>\n<li>vegetable tanned leather<\/li>\n<li>soft, sealed edges<\/li>\n<li>leather loop handle or adjustable<\/li>\n<li>high quality, rustproof brass hardware<\/li>\n<li>Colors according to your wishes<\/li>\n<li>available in 4 different lengths<\/li>\n<li>available in different widths<\/li>\n<\/ul>\n<p>&nbsp;<\/p>\n<p>Color up your dogs life!<br \/>\n100% handmade<\/p>\n<p>Hast Du Sonderw\u00fcnsche? Wir fertigen Deine Leine LUNA auch mit dem gewissen Extra f\u00fcr Dich. Schreibe uns hierzu eine <a href=\"mailto:hallo@loulein.de\">Mail<\/a>.<\/p>\n<p>Our products are handmade. You can find the current delivery time at <a href=\"https:\/\/loulein.de\/en\/produktionszeit\/\">Production time<\/a> .<\/p>\n<p>Colors may vary slightly in the digital image.<\/p>","protected":false},"excerpt":{"rendered":"<p>LUNA Classic &#8211; die Retrieverleine im klassischen Loulein-Look! Halsband und Leine sind unzertrennlich vereint und ein Must-Have f\u00fcr alle, die beim Freilauf auf das Halsband am Hund verzichten m\u00f6chten. Mit einem weichen Ledergriff verleihen wir der Biothane-Leder-Kombi eine angenehme Handhabung. Alternativ kann die Moxonleine auch als verstellbare Variante gew\u00e4hlt werden. NEU &#8211; W\u00e4hle den Halsband-Teil in breiterem Biothane. wetterbest\u00e4ndiges Biothane vegetabil gegerbtes Leder weiche, versiegelte Kanten Schlaufengriff aus Leder oder&hellip;<\/p>","protected":false},"featured_media":4861,"template":"","meta":[],"product_brand":[],"product_cat":[34,15],"product_tag":[],"class_list":{"0":"post-4841","1":"product","2":"type-product","3":"status-publish","4":"has-post-thumbnail","6":"product_cat-classic","7":"product_cat-leinen","9":"first","10":"instock","11":"taxable","12":"shipping-taxable","13":"purchasable","14":"product-type-variable"},"jetpack_sharing_enabled":true,"_links":{"self":[{"href":"https:\/\/loulein.de\/en\/wp-json\/wp\/v2\/product\/4841","targetHints":{"allow":["GET"]}}],"collection":[{"href":"https:\/\/loulein.de\/en\/wp-json\/wp\/v2\/product"}],"about":[{"href":"https:\/\/loulein.de\/en\/wp-json\/wp\/v2\/types\/product"}],"wp:featuredmedia":[{"embeddable":true,"href":"https:\/\/loulein.de\/en\/wp-json\/wp\/v2\/media\/4861"}],"wp:attachment":[{"href":"https:\/\/loulein.de\/en\/wp-json\/wp\/v2\/media?parent=4841"}],"wp:term":[{"taxonomy":"product_brand","embeddable":true,"href":"https:\/\/loulein.de\/en\/wp-json\/wp\/v2\/product_brand?post=4841"},{"taxonomy":"product_cat","embeddable":true,"href":"https:\/\/loulein.de\/en\/wp-json\/wp\/v2\/product_cat?post=4841"},{"taxonomy":"product_tag","embeddable":true,"href":"https:\/\/loulein.de\/en\/wp-json\/wp\/v2\/product_tag?post=4841"}],"curies":[{"name":"wp","href":"https:\/\/api.w.org\/{rel}","templated":true}]}}