{"id":6996,"date":"2025-01-20T12:13:45","date_gmt":"2025-01-20T11:13:45","guid":{"rendered":"https:\/\/loulein.de\/?post_type=product&#038;p=6996"},"modified":"2025-08-08T21:47:52","modified_gmt":"2025-08-08T19:47:52","slug":"cordula","status":"publish","type":"product","link":"https:\/\/loulein.de\/en\/product\/cordula\/","title":{"rendered":"CORDULA"},"content":{"rendered":"<p>Loulein x Frieda&amp;Else present the beautiful \u2018Cordula\u2019 in the special colour anthracite!<\/p>\n<p><a href=\"https:\/\/friedaandelse.com\/\"><span style=\"color: #808000;\">Frieda&amp;Else<\/span><\/a> is a manufactory from Munich, which produces high-quality and noble dog accessories. Together we present you the popular corduroy model CORDULA in a special colour, which you can only buy here!<\/p>\n<p>The blanket combines functionality with a beautiful design. Thanks to the soft corduroy fabric, your dog can lie comfortably anywhere - whether in the city or in the forest! The Oxford fabric underside is dirt-repellent and allows you to simply wipe the blanket clean with a damp cloth. However, if your blanket gets a little dirty, you can simply wash it in the washing machine.<\/p>\n<ul>\n<li>Soft cord fabric<\/li>\n<li>Softly padded with a 2 cm fleece filling<\/li>\n<li>Water and dirt-repellent Oxford fabric<\/li>\n<li>Waschmaschinen geeignet (30\u00b0 Schonwaschgang)<\/li>\n<li>Handmade in EU<\/li>\n<li>Available in two sizes<\/li>\n<\/ul>\n<hr \/>\n<p>Available in the sizes:<\/p>\n<ul>\n<li>M (ca. 70x90cm)<\/li>\n<li>L (ca.100x120cm)<\/li>\n<\/ul>\n<p>&nbsp;<\/p>\n<p>Note: Sizes may vary slightly due to manual labour.<\/p>","protected":false},"excerpt":{"rendered":"<p>Loulein x Frieda&amp;Else pr\u00e4sentieren die wundersch\u00f6ne &#8222;Cordula&#8220; in der Sonderfarbe Anthrazit! Frieda&amp;Else ist eine Manufaktur aus M\u00fcnchen, welche hochwertige und edle Hundeaccessoires herstellt. Zusammen pr\u00e4sentieren wir euch das beliebte Cord-Model CORDULA in einer Sonderfarbe, welche ihr nur hier bei uns erwerben k\u00f6nnt! Die Decke vereint Funktionalit\u00e4t mit einem wundersch\u00f6nen Design. Dank dem weichen Cordstoff liegt euer Hund \u00fcberall bequem &#8211; ganz egal ob in der Stadt oder im Wald! Die&hellip;<\/p>","protected":false},"featured_media":7002,"template":"","meta":[],"product_brand":[],"product_cat":[198],"product_tag":[],"class_list":{"0":"post-6996","1":"product","2":"type-product","3":"status-publish","4":"has-post-thumbnail","6":"product_cat-accessoires","8":"first","9":"instock","10":"taxable","11":"shipping-taxable","12":"purchasable","13":"product-type-variable"},"jetpack_sharing_enabled":true,"_links":{"self":[{"href":"https:\/\/loulein.de\/en\/wp-json\/wp\/v2\/product\/6996","targetHints":{"allow":["GET"]}}],"collection":[{"href":"https:\/\/loulein.de\/en\/wp-json\/wp\/v2\/product"}],"about":[{"href":"https:\/\/loulein.de\/en\/wp-json\/wp\/v2\/types\/product"}],"wp:featuredmedia":[{"embeddable":true,"href":"https:\/\/loulein.de\/en\/wp-json\/wp\/v2\/media\/7002"}],"wp:attachment":[{"href":"https:\/\/loulein.de\/en\/wp-json\/wp\/v2\/media?parent=6996"}],"wp:term":[{"taxonomy":"product_brand","embeddable":true,"href":"https:\/\/loulein.de\/en\/wp-json\/wp\/v2\/product_brand?post=6996"},{"taxonomy":"product_cat","embeddable":true,"href":"https:\/\/loulein.de\/en\/wp-json\/wp\/v2\/product_cat?post=6996"},{"taxonomy":"product_tag","embeddable":true,"href":"https:\/\/loulein.de\/en\/wp-json\/wp\/v2\/product_tag?post=6996"}],"curies":[{"name":"wp","href":"https:\/\/api.w.org\/{rel}","templated":true}]}}