{"id":7086,"date":"2025-03-13T17:01:02","date_gmt":"2025-03-13T16:01:02","guid":{"rendered":"https:\/\/loulein.de\/?post_type=product&#038;p=7086"},"modified":"2025-11-15T15:30:42","modified_gmt":"2025-11-15T14:30:42","slug":"luddy-plet","status":"publish","type":"product","link":"https:\/\/loulein.de\/en\/product\/luddy-plet\/","title":{"rendered":"LUDDY PLET"},"content":{"rendered":"<p>LUDDY PLET - Our practical LUDDY in a stylish spotted pattern! The spots are speckled onto your collar by hand, creating an absolutely unique piece for your darling.<\/p>\n<p>&nbsp;<\/p>\n<h3>Finde Deine perfekte Farbkombination mit dem <a href=\"https:\/\/loulein.de\/en\/#swiper\"><u><strong>LUDDY SWIPER<\/strong><\/u><\/a><\/h3>\n<ul>\n<li>weather resistant biothane<\/li>\n<li>vegetable tanned leather<\/li>\n<li>Paint splashes with special paint<\/li>\n<li>soft, sealed edges<\/li>\n<li>high quality brass hardware<\/li>\n<li>Colours according to your wishes<\/li>\n<li>available from a neck circumference of 25 cm<\/li>\n<li>different widths available<\/li>\n<li>matching leash available<\/li>\n<\/ul>\n<p>&nbsp;<\/p>\n<p><strong>100% handmade<\/strong><\/p>\n<p>Color up your dogs life!<\/p>\n<hr \/>\n<h5><span style=\"color: #808080;\"><a style=\"color: #808080;\" href=\"https:\/\/loulein.de\/en\/richtig-messen\/\">CORRECT SIZE! READ HOW TO MEASURE THE NECK CIRCUMFERENCE CORRECTLY.<\/a><\/span><\/h5>\n<hr \/>\n<p>Our products are handmade. You can find the current delivery time at <a href=\"https:\/\/loulein.de\/en\/produktionszeit\/\">Production time<\/a> .<\/p>\n<p>Colors may vary slightly in the digital image. Leather darkens with time.<\/p>\n<p>Do you have any special requests? We can also make your collar with that little bit extra for you. Please write us a <a href=\"mailto:hallo@loulein.de\">Mail<\/a>.<\/p>","protected":false},"excerpt":{"rendered":"<p>LUDDY PLET &#8211; Unser praktisches LUDDY im stylischen Flecken-Muster! Die Flecken werden von uns per Hand auf dein Halsband gesprenkelt und schaffen somit ein absolutes Unikat f\u00fcr deinen Liebling. &nbsp; Finde Deine perfekte Farbkombination mit dem LUDDY SWIPER wetterbest\u00e4ndiges Biothane vegetabil gegerbtes Leder Farbspritzer mit spezieller Farbe weiche, versiegelte Kanten hochwertige Hardware aus Messing Farben nach Euren W\u00fcnschen ab 25 cm Halsumfang erh\u00e4ltlich verschiedene Breiten verf\u00fcgbar passende Leine erh\u00e4ltlich &nbsp;&hellip;<\/p>","protected":false},"featured_media":7093,"template":"","meta":[],"product_brand":[],"product_cat":[34,17],"product_tag":[],"class_list":{"0":"post-7086","1":"product","2":"type-product","3":"status-publish","4":"has-post-thumbnail","6":"product_cat-classic","7":"product_cat-halsbaender","9":"first","10":"instock","11":"featured","12":"taxable","13":"shipping-taxable","14":"purchasable","15":"product-type-variable"},"jetpack_sharing_enabled":true,"_links":{"self":[{"href":"https:\/\/loulein.de\/en\/wp-json\/wp\/v2\/product\/7086","targetHints":{"allow":["GET"]}}],"collection":[{"href":"https:\/\/loulein.de\/en\/wp-json\/wp\/v2\/product"}],"about":[{"href":"https:\/\/loulein.de\/en\/wp-json\/wp\/v2\/types\/product"}],"wp:featuredmedia":[{"embeddable":true,"href":"https:\/\/loulein.de\/en\/wp-json\/wp\/v2\/media\/7093"}],"wp:attachment":[{"href":"https:\/\/loulein.de\/en\/wp-json\/wp\/v2\/media?parent=7086"}],"wp:term":[{"taxonomy":"product_brand","embeddable":true,"href":"https:\/\/loulein.de\/en\/wp-json\/wp\/v2\/product_brand?post=7086"},{"taxonomy":"product_cat","embeddable":true,"href":"https:\/\/loulein.de\/en\/wp-json\/wp\/v2\/product_cat?post=7086"},{"taxonomy":"product_tag","embeddable":true,"href":"https:\/\/loulein.de\/en\/wp-json\/wp\/v2\/product_tag?post=7086"}],"curies":[{"name":"wp","href":"https:\/\/api.w.org\/{rel}","templated":true}]}}