{"id":7172,"date":"2025-04-15T13:23:45","date_gmt":"2025-04-15T11:23:45","guid":{"rendered":"https:\/\/loulein.de\/?post_type=product&#038;p=7172"},"modified":"2025-04-15T19:03:47","modified_gmt":"2025-04-15T17:03:47","slug":"kekoh-splash-sort","status":"publish","type":"product","link":"https:\/\/loulein.de\/en\/product\/kekoh-splash-sort\/","title":{"rendered":"KEKOH Splash SORT"},"content":{"rendered":"<p>\u201cKEKOH Splash\u201d - the everyday pull-stop collar from Loulein made of 100% biothane - now in all BLACK. Practical, chic and robust - the ultimate minimal collar in the typical Loulein look.<\/p>\n<ul>\n<li>weather resistant biothane<\/li>\n<li>high quality brass hardware<\/li>\n<li>All Black Edition<\/li>\n<li>available from a neck circumference of 25 cm<\/li>\n<li>different widths selectable<\/li>\n<li>matching leash available<\/li>\n<\/ul>\n<p>Color up your dogs life!<br \/>\n<strong>100% handmade<\/strong><\/p>\n<p>&nbsp;<\/p>\n<hr \/>\n<h5><span style=\"color: #808080;\"><a style=\"color: #808080;\" href=\"https:\/\/loulein.de\/en\/richtig-messen\/\">CORRECT SIZE! READ HOW TO MEASURE THE NECK CIRCUMFERENCE CORRECTLY.<\/a><\/span><\/h5>\n<hr \/>\n<p>&nbsp;<\/p>\n<p>Our products are handmade. You can find the current delivery time at <a href=\"https:\/\/loulein.de\/en\/produktionszeit\/\">Production time<\/a> .<\/p>\n<p>Colors may vary slightly in the digital image.<\/p>\n<p>Do you have any special requests? We can also make your collar with that little bit extra for you. Please write us a <a href=\"mailto:hallo@loulein.de\">Mail<\/a>.<\/p>","protected":false},"excerpt":{"rendered":"<p>\u201eKEKOH Splash\u201c &#8211; das Everyday-Zugstopp-Halsband von Loulein aus 100% Biothane &#8211; Jetzt in all BLACK. Praktisch, schick und robust &#8211; the ultimative minimalcollar im typischen Loulein-Look. wetterbest\u00e4ndiges Biothane hochwertige Hardware aus Messing All Black Edition ab 25 cm Halsumfang erh\u00e4ltlich verschiedene Breiten w\u00e4hlbar passende Leine erh\u00e4ltlich Macht das Hundeleben bunter! 100% handmade &nbsp; RICHTIGE GR\u00d6\u00dfE! LIES WIE DU DEN HALSUMFANG RICHTIG MISST. &nbsp; Unsere Produkte werden handgefertigt. Die aktuelle Lieferzeit&hellip;<\/p>","protected":false},"featured_media":7177,"template":"","meta":[],"product_brand":[],"product_cat":[17,133,199],"product_tag":[],"class_list":{"0":"post-7172","1":"product","2":"type-product","3":"status-publish","4":"has-post-thumbnail","6":"product_cat-halsbaender","7":"product_cat-splash-edition","8":"product_cat-trendsetter","10":"first","11":"instock","12":"taxable","13":"shipping-taxable","14":"purchasable","15":"product-type-variable"},"jetpack_sharing_enabled":true,"_links":{"self":[{"href":"https:\/\/loulein.de\/en\/wp-json\/wp\/v2\/product\/7172","targetHints":{"allow":["GET"]}}],"collection":[{"href":"https:\/\/loulein.de\/en\/wp-json\/wp\/v2\/product"}],"about":[{"href":"https:\/\/loulein.de\/en\/wp-json\/wp\/v2\/types\/product"}],"wp:featuredmedia":[{"embeddable":true,"href":"https:\/\/loulein.de\/en\/wp-json\/wp\/v2\/media\/7177"}],"wp:attachment":[{"href":"https:\/\/loulein.de\/en\/wp-json\/wp\/v2\/media?parent=7172"}],"wp:term":[{"taxonomy":"product_brand","embeddable":true,"href":"https:\/\/loulein.de\/en\/wp-json\/wp\/v2\/product_brand?post=7172"},{"taxonomy":"product_cat","embeddable":true,"href":"https:\/\/loulein.de\/en\/wp-json\/wp\/v2\/product_cat?post=7172"},{"taxonomy":"product_tag","embeddable":true,"href":"https:\/\/loulein.de\/en\/wp-json\/wp\/v2\/product_tag?post=7172"}],"curies":[{"name":"wp","href":"https:\/\/api.w.org\/{rel}","templated":true}]}}