{"id":7179,"date":"2025-04-15T13:34:58","date_gmt":"2025-04-15T11:34:58","guid":{"rendered":"https:\/\/loulein.de\/?post_type=product&#038;p=7179"},"modified":"2025-07-09T14:14:53","modified_gmt":"2025-07-09T12:14:53","slug":"luddy-splash-sort","status":"publish","type":"product","link":"https:\/\/loulein.de\/en\/product\/luddy-splash-sort\/","title":{"rendered":"LUDDY Splash SORT"},"content":{"rendered":"<p>LUDDY Splash - the light &amp; practical collar for every day - now in all BLACK! With this combination of 100% biothane you have a robust eye-catcher for your darling. Minimalists love the look!<\/p>\n<ul>\n<li>weather resistant biothane<\/li>\n<li>high quality brass hardware<\/li>\n<li>all Black Edition<\/li>\n<li>available from a neck circumference of 25 cm<\/li>\n<li>different widths available<\/li>\n<li>matching leash available<\/li>\n<\/ul>\n<p>&nbsp;<\/p>\n<p><strong>100% handmade<\/strong><\/p>\n<p>Color up your dogs life!<\/p>\n<p>&nbsp;<\/p>\n<hr \/>\n<h5><span style=\"color: #808080;\"><a style=\"color: #808080;\" href=\"https:\/\/loulein.de\/en\/richtig-messen\/\">CORRECT SIZE! READ HOW TO MEASURE THE NECK CIRCUMFERENCE CORRECTLY.<\/a><\/span><\/h5>\n<hr \/>\n<p>&nbsp;<\/p>\n<p>Our products are handmade. You can find the current delivery time at <a href=\"https:\/\/loulein.de\/en\/produktionszeit\/\">Production time<\/a> .<\/p>\n<p>Colors may vary slightly in the digital image.<\/p>\n<p>Do you have any special requests? We can also make your collar with that little bit extra for you. Please write us a <a href=\"mailto:hallo@loulein.de\">Mail<\/a>.<\/p>","protected":false},"excerpt":{"rendered":"<p>LUDDY Splash &#8211; das leichte &amp; praktische Halsband f\u00fcr jeden Tag &#8211; jetzt in all BLACK! Mit dieser Kombi aus 100% Biothane habt Ihr einen robusten Hingucker f\u00fcr Euren Liebling. Minimalisten lieben den Look! wetterbest\u00e4ndiges Biothane hochwertige Hardware aus Messing all Black Edition ab 25 cm Halsumfang erh\u00e4ltlich verschiedene Breiten verf\u00fcgbar passende Leine erh\u00e4ltlich &nbsp; 100% handmade Macht das Hundeleben bunter! &nbsp; RICHTIGE GR\u00d6\u00dfE! LIES WIE DU DEN HALSUMFANG RICHTIG&hellip;<\/p>","protected":false},"featured_media":7464,"template":"","meta":[],"product_brand":[],"product_cat":[17,133,199],"product_tag":[],"class_list":{"0":"post-7179","1":"product","2":"type-product","3":"status-publish","4":"has-post-thumbnail","6":"product_cat-halsbaender","7":"product_cat-splash-edition","8":"product_cat-trendsetter","10":"first","11":"instock","12":"taxable","13":"shipping-taxable","14":"purchasable","15":"product-type-variable"},"jetpack_sharing_enabled":true,"_links":{"self":[{"href":"https:\/\/loulein.de\/en\/wp-json\/wp\/v2\/product\/7179","targetHints":{"allow":["GET"]}}],"collection":[{"href":"https:\/\/loulein.de\/en\/wp-json\/wp\/v2\/product"}],"about":[{"href":"https:\/\/loulein.de\/en\/wp-json\/wp\/v2\/types\/product"}],"wp:featuredmedia":[{"embeddable":true,"href":"https:\/\/loulein.de\/en\/wp-json\/wp\/v2\/media\/7464"}],"wp:attachment":[{"href":"https:\/\/loulein.de\/en\/wp-json\/wp\/v2\/media?parent=7179"}],"wp:term":[{"taxonomy":"product_brand","embeddable":true,"href":"https:\/\/loulein.de\/en\/wp-json\/wp\/v2\/product_brand?post=7179"},{"taxonomy":"product_cat","embeddable":true,"href":"https:\/\/loulein.de\/en\/wp-json\/wp\/v2\/product_cat?post=7179"},{"taxonomy":"product_tag","embeddable":true,"href":"https:\/\/loulein.de\/en\/wp-json\/wp\/v2\/product_tag?post=7179"}],"curies":[{"name":"wp","href":"https:\/\/api.w.org\/{rel}","templated":true}]}}