{"id":7228,"date":"2025-04-15T18:26:48","date_gmt":"2025-04-15T16:26:48","guid":{"rendered":"https:\/\/loulein.de\/?post_type=product&#038;p=7228"},"modified":"2025-05-06T16:51:49","modified_gmt":"2025-05-06T14:51:49","slug":"vaary-splash-bjorn","status":"publish","type":"product","link":"https:\/\/loulein.de\/en\/product\/vaary-splash-bjorn\/","title":{"rendered":"VAARY Splash BJ\u00d8RN"},"content":{"rendered":"<p>Ole's interpretation of our VAARY Splash. An extraordinary color combination that will definitely make you an eye-catcher!<\/p>\n<p>Thanks to the many adjustment options, you can customize your VAARY Splash BJ\u00d8RN for every occasion.<\/p>\n<ul>\n<li>100% weather-resistant biothane<\/li>\n<li>19mm width<\/li>\n<li>high quality, rustproof brass hardware<\/li>\n<li>Color combination of navy and neon orange<\/li>\n<li>available in 7 different lengths<\/li>\n<li>Adjustment options freely selectable<\/li>\n<li>matching collar available<\/li>\n<\/ul>\n<p>&nbsp;<\/p>\n<p>Color your dogs life! Available in different colors.<br \/>\n100% handmade<\/p>\n<p>Do you have any special requests? We can also make your VAARY leash with that little something extra for you. Please write us a <a href=\"mailto:hallo@loulein.de\">Mail<\/a>.<\/p>\n<p>Our products are handmade. You can find the current delivery time at <a href=\"https:\/\/loulein.de\/en\/produktionszeit\/\">Production time<\/a> .<\/p>\n<p>Colors may vary slightly in the digital image.<\/p>","protected":false},"excerpt":{"rendered":"<p>Oles Interpretation unserer VAARY Splash. Eine au\u00dfergew\u00f6hnliche Farbkombination, die Euch definitiv zum Hingucker macht! Dank vielen Verstellm\u00f6glichkeiten k\u00f6nnt ihr eure VAARY Splash BJ\u00d8RN f\u00fcr jede Gelegenheit individuell einstellen. 100% wetterbest\u00e4ndiges Biothane 19mm breit hochwertige, rostfreie Hardware aus Messing Farbkombination aus Marine und Neon Orange in 7 verschiedenen L\u00e4ngen erh\u00e4ltlich Verstellm\u00f6glichkeiten frei w\u00e4hlbar passendes Halsband erh\u00e4ltlich &nbsp; Macht das Hundeleben bunter! In verschiedenen Farben erh\u00e4ltlich. 100% handmade Hast Du Sonderw\u00fcnsche? Wir&hellip;<\/p>","protected":false},"featured_media":7279,"template":"","meta":[],"product_brand":[],"product_cat":[15,133,199],"product_tag":[],"class_list":{"0":"post-7228","1":"product","2":"type-product","3":"status-publish","4":"has-post-thumbnail","6":"product_cat-leinen","7":"product_cat-splash-edition","8":"product_cat-trendsetter","10":"first","11":"instock","12":"taxable","13":"shipping-taxable","14":"purchasable","15":"product-type-variable"},"jetpack_sharing_enabled":true,"_links":{"self":[{"href":"https:\/\/loulein.de\/en\/wp-json\/wp\/v2\/product\/7228","targetHints":{"allow":["GET"]}}],"collection":[{"href":"https:\/\/loulein.de\/en\/wp-json\/wp\/v2\/product"}],"about":[{"href":"https:\/\/loulein.de\/en\/wp-json\/wp\/v2\/types\/product"}],"wp:featuredmedia":[{"embeddable":true,"href":"https:\/\/loulein.de\/en\/wp-json\/wp\/v2\/media\/7279"}],"wp:attachment":[{"href":"https:\/\/loulein.de\/en\/wp-json\/wp\/v2\/media?parent=7228"}],"wp:term":[{"taxonomy":"product_brand","embeddable":true,"href":"https:\/\/loulein.de\/en\/wp-json\/wp\/v2\/product_brand?post=7228"},{"taxonomy":"product_cat","embeddable":true,"href":"https:\/\/loulein.de\/en\/wp-json\/wp\/v2\/product_cat?post=7228"},{"taxonomy":"product_tag","embeddable":true,"href":"https:\/\/loulein.de\/en\/wp-json\/wp\/v2\/product_tag?post=7228"}],"curies":[{"name":"wp","href":"https:\/\/api.w.org\/{rel}","templated":true}]}}