{"id":7280,"date":"2025-05-16T08:00:11","date_gmt":"2025-05-16T06:00:11","guid":{"rendered":"https:\/\/loulein.de\/?post_type=product&#038;p=7280"},"modified":"2025-11-15T15:28:53","modified_gmt":"2025-11-15T14:28:53","slug":"noi","status":"publish","type":"product","link":"https:\/\/loulein.de\/en\/product\/noi\/","title":{"rendered":"N\u00d8I"},"content":{"rendered":"<p>Here comes N\u00d8I!<\/p>\n<p data-start=\"220\" data-end=\"381\" class=\"translation-block\">The N\u00d8I model combines simplicity with versatility:\nIt is even lighter, even simpler - and at the same time gives you more freedom in your choice of colors.<\/p>\n<p data-start=\"383\" data-end=\"641\" class=\"translation-block\">It stands for flexibility, suitability for everyday use and style.\nIn contrast to our LUDDY SPLASH, we use Biothane BETA throughout and do not use eyelets - for particularly comfortable handling that also saves weight.<\/p>\n<p>Minimalists love the look!<\/p>\n<ul>\n<li>100% weather-resistant biothane<\/li>\n<li>high quality brass hardware<\/li>\n<li>Color choice according to your wishes<\/li>\n<li>from 25cm neck circumference available<\/li>\n<li>different widths available<\/li>\n<li>matching leash available<\/li>\n<\/ul>\n<p>&nbsp;<\/p>\n<p><strong>100% handmade<\/strong><\/p>\n<p>Color up your dogs life!<\/p>\n<p>&nbsp;<\/p>\n<hr \/>\n<h5><span style=\"color: #808080;\"><a style=\"color: #808080;\" href=\"https:\/\/loulein.de\/en\/richtig-messen\/\">CORRECT SIZE! READ HOW TO MEASURE THE NECK CIRCUMFERENCE CORRECTLY.<\/a><\/span><\/h5>\n<hr \/>\n<p>&nbsp;<\/p>\n<p>Our products are handmade. You can find the current delivery time at <a href=\"https:\/\/loulein.de\/en\/produktionszeit\/\">Production time<\/a> .<\/p>\n<p>Colors may vary slightly in the digital image.<\/p>\n<p>Do you have any special requests? We can also make your collar with that little bit extra for you. Please write us a <a href=\"mailto:hallo@loulein.de\">Mail<\/a>.<\/p>","protected":false},"excerpt":{"rendered":"<p>Hier kommt N\u00d8I! Das N\u00d8I Modell vereint Schlichtheit mit Vielseitigkeit:Es ist noch leichter, noch simpler\u00a0\u2013 und gibt euch gleichzeitig mehr Freiheit bei der Farbwahl. Es steht f\u00fcr Flexibilit\u00e4t, Alltagstauglichkeit und Stil.Im Gegensatz zu unserem LUDDY SPLASH verwenden wir hier durchg\u00e4ngig das\u00a0Biothane BETA\u00a0 und verwenden keine \u00d6sen \u2013 f\u00fcr ein besonders angenehmes Handling, das gleichzeitig Gewicht einspart.\u00a0 Minimalisten lieben den Look! 100% wetterbest\u00e4ndiges Biothane hochwertige Hardware aus Messing Farbwahl frei nach&hellip;<\/p>","protected":false},"featured_media":7407,"template":"","meta":[],"product_brand":[],"product_cat":[17],"product_tag":[],"class_list":{"0":"post-7280","1":"product","2":"type-product","3":"status-publish","4":"has-post-thumbnail","6":"product_cat-halsbaender","8":"first","9":"instock","10":"taxable","11":"shipping-taxable","12":"purchasable","13":"product-type-variable"},"jetpack_sharing_enabled":true,"_links":{"self":[{"href":"https:\/\/loulein.de\/en\/wp-json\/wp\/v2\/product\/7280","targetHints":{"allow":["GET"]}}],"collection":[{"href":"https:\/\/loulein.de\/en\/wp-json\/wp\/v2\/product"}],"about":[{"href":"https:\/\/loulein.de\/en\/wp-json\/wp\/v2\/types\/product"}],"wp:featuredmedia":[{"embeddable":true,"href":"https:\/\/loulein.de\/en\/wp-json\/wp\/v2\/media\/7407"}],"wp:attachment":[{"href":"https:\/\/loulein.de\/en\/wp-json\/wp\/v2\/media?parent=7280"}],"wp:term":[{"taxonomy":"product_brand","embeddable":true,"href":"https:\/\/loulein.de\/en\/wp-json\/wp\/v2\/product_brand?post=7280"},{"taxonomy":"product_cat","embeddable":true,"href":"https:\/\/loulein.de\/en\/wp-json\/wp\/v2\/product_cat?post=7280"},{"taxonomy":"product_tag","embeddable":true,"href":"https:\/\/loulein.de\/en\/wp-json\/wp\/v2\/product_tag?post=7280"}],"curies":[{"name":"wp","href":"https:\/\/api.w.org\/{rel}","templated":true}]}}