{"id":7294,"date":"2025-05-16T08:00:54","date_gmt":"2025-05-16T06:00:54","guid":{"rendered":"https:\/\/loulein.de\/?post_type=product&#038;p=7294"},"modified":"2025-11-15T15:27:52","modified_gmt":"2025-11-15T14:27:52","slug":"noje","status":"publish","type":"product","link":"https:\/\/loulein.de\/en\/product\/noje\/","title":{"rendered":"N\u00d8JE"},"content":{"rendered":"<p>Here comes N\u00d8JE!<\/p>\n<p class=\"translation-block\">Our N\u00d8JE model opens up a whole new range of color combinations!\nThe leash is equipped with two different adapters - one wrapped and one classic, colored, which provides stylish accents. Your chosen accent color is not only reflected in this adapter, but also on the ring holders of the adjustment options. Minimalists love the look!<\/p>\n<p>Please note that the number of adjustment options depends on the length of your leash.<\/p>\n<ul>\n<li>100% weather-resistant biothane<\/li>\n<li>high quality, rustproof brass hardware<\/li>\n<li>Colours according to your wishes<\/li>\n<li>available in 7 different lengths<\/li>\n<li>Adjustment options freely selectable<\/li>\n<li>matching collar available<\/li>\n<\/ul>\n<p>&nbsp;<\/p>\n<p><strong>100% handmade<\/strong><\/p>\n<p>Color up your dogs life!<\/p>\n<p>&nbsp;<\/p>\n<hr \/>\n<h5><span style=\"color: #808080;\"><a style=\"color: #808080;\" href=\"https:\/\/loulein.de\/en\/richtig-messen\/\">CORRECT SIZE! READ HOW TO MEASURE THE NECK CIRCUMFERENCE CORRECTLY.<\/a><\/span><\/h5>\n<hr \/>\n<p>&nbsp;<\/p>\n<p>Our products are handmade. You can find the current delivery time at <a href=\"https:\/\/loulein.de\/en\/produktionszeit\/\">Production time<\/a> .<\/p>\n<p>Colors may vary slightly in the digital image.<\/p>\n<p>Do you have any special requests? We can also make your collar with that little bit extra for you. Please write us a <a href=\"mailto:hallo@loulein.de\">Mail<\/a>.<\/p>","protected":false},"excerpt":{"rendered":"<p>Hier kommt N\u00d8JE! Unser N\u00d8JE Modell er\u00f6ffnet euch ganz neue M\u00f6glichkeiten der Farbkombination!Die Leine ist mit zwei unterschiedlichen Adaptern ausgestattet \u2013 einem umgeschlagenen und einem klassischen, farbigen, der f\u00fcr stilvolle Akzente sorgt. Eure gew\u00e4hlte Akzentfarbe findet sich nicht nur in diesem Adapter wieder, sondern auch an den Ringhalterungen der Verstellm\u00f6glichkeiten. Minimalisten lieben den Look! Bitte beachtet, dass die Anzahl der Verstellm\u00f6glichkeiten von der L\u00e4nge eurer Leine abh\u00e4ngig ist. 100% wetterbest\u00e4ndiges&hellip;<\/p>","protected":false},"featured_media":7410,"template":"","meta":[],"product_brand":[],"product_cat":[15],"product_tag":[],"class_list":{"0":"post-7294","1":"product","2":"type-product","3":"status-publish","4":"has-post-thumbnail","6":"product_cat-leinen","8":"first","9":"instock","10":"taxable","11":"shipping-taxable","12":"purchasable","13":"product-type-variable"},"jetpack_sharing_enabled":true,"_links":{"self":[{"href":"https:\/\/loulein.de\/en\/wp-json\/wp\/v2\/product\/7294","targetHints":{"allow":["GET"]}}],"collection":[{"href":"https:\/\/loulein.de\/en\/wp-json\/wp\/v2\/product"}],"about":[{"href":"https:\/\/loulein.de\/en\/wp-json\/wp\/v2\/types\/product"}],"wp:featuredmedia":[{"embeddable":true,"href":"https:\/\/loulein.de\/en\/wp-json\/wp\/v2\/media\/7410"}],"wp:attachment":[{"href":"https:\/\/loulein.de\/en\/wp-json\/wp\/v2\/media?parent=7294"}],"wp:term":[{"taxonomy":"product_brand","embeddable":true,"href":"https:\/\/loulein.de\/en\/wp-json\/wp\/v2\/product_brand?post=7294"},{"taxonomy":"product_cat","embeddable":true,"href":"https:\/\/loulein.de\/en\/wp-json\/wp\/v2\/product_cat?post=7294"},{"taxonomy":"product_tag","embeddable":true,"href":"https:\/\/loulein.de\/en\/wp-json\/wp\/v2\/product_tag?post=7294"}],"curies":[{"name":"wp","href":"https:\/\/api.w.org\/{rel}","templated":true}]}}