{"id":7930,"date":"2025-11-14T10:39:31","date_gmt":"2025-11-14T09:39:31","guid":{"rendered":"https:\/\/loulein.de\/?post_type=product&#038;p=7930"},"modified":"2025-11-15T15:27:14","modified_gmt":"2025-11-15T14:27:14","slug":"luna-splash","status":"publish","type":"product","link":"https:\/\/loulein.de\/en\/product\/luna-splash\/","title":{"rendered":"LUNA SPLASH"},"content":{"rendered":"<p>LUNA SPLASH \u2013 the retriever leash in the classic Loulein look, but now 100% water-repellent! The collar and leash are inseparably connected and a must-have for anyone who wants to do without a collar when letting their dog run free. Made entirely from biothane and ready for any adventure! The Moxon leash is also available in an adjustable version.<\/p>\n<p>NEW - Choose the collar part in wider biothane.<\/p>\n<ul>\n<li>weather resistant biothane<\/li>\n<li>Biothane loop handle or adjustable<\/li>\n<li>high quality, rustproof brass hardware<\/li>\n<li>Colors according to your wishes<\/li>\n<li>available in 4 different lengths<\/li>\n<li>available in different widths<\/li>\n<\/ul>\n<p>&nbsp;<\/p>\n<p>Color up your dogs life!<br \/>\n100% handmade<\/p>\n<p>Do you have special requests? We also make your leash LUNA with that certain extra for you. Write us a <a href=\"mailto:hallo@loulein.de\">Mail<\/a>.<\/p>\n<p>Our products are handmade. You can find the current delivery time at <a href=\"https:\/\/loulein.de\/en\/produktionszeit\/\">Production time<\/a> .<\/p>\n<p>Colors may vary slightly in the digital image.<\/p>","protected":false},"excerpt":{"rendered":"<p>LUNA SPLASH &#8211; die Retrieverleine im klassischen Loulein-Look, aber jetzt zu 100% wasserabweisend! Halsband und Leine sind unzertrennlich vereint und ein Must-Have f\u00fcr alle, die beim Freilauf auf das Halsband am Hund verzichten m\u00f6chten. Vollst\u00e4ndig aus Biothane und f\u00fcr jedes Abenteuer gewappnet! Die Moxonleine kann auch als verstellbare Variante gew\u00e4hlt werden. NEU &#8211; W\u00e4hle den Halsband-Teil in breiterem Biothane. wetterbest\u00e4ndiges Biothane Schlaufengriff aus Biothane oder verstellbar hochwertige, rostfreie Hardware aus&hellip;<\/p>","protected":false},"featured_media":7948,"template":"","meta":[],"product_brand":[],"product_cat":[34,15,133],"product_tag":[],"class_list":{"0":"post-7930","1":"product","2":"type-product","3":"status-publish","4":"has-post-thumbnail","6":"product_cat-classic","7":"product_cat-leinen","8":"product_cat-splash-edition","10":"first","11":"instock","12":"taxable","13":"shipping-taxable","14":"purchasable","15":"product-type-variable"},"jetpack_sharing_enabled":true,"_links":{"self":[{"href":"https:\/\/loulein.de\/en\/wp-json\/wp\/v2\/product\/7930","targetHints":{"allow":["GET"]}}],"collection":[{"href":"https:\/\/loulein.de\/en\/wp-json\/wp\/v2\/product"}],"about":[{"href":"https:\/\/loulein.de\/en\/wp-json\/wp\/v2\/types\/product"}],"wp:featuredmedia":[{"embeddable":true,"href":"https:\/\/loulein.de\/en\/wp-json\/wp\/v2\/media\/7948"}],"wp:attachment":[{"href":"https:\/\/loulein.de\/en\/wp-json\/wp\/v2\/media?parent=7930"}],"wp:term":[{"taxonomy":"product_brand","embeddable":true,"href":"https:\/\/loulein.de\/en\/wp-json\/wp\/v2\/product_brand?post=7930"},{"taxonomy":"product_cat","embeddable":true,"href":"https:\/\/loulein.de\/en\/wp-json\/wp\/v2\/product_cat?post=7930"},{"taxonomy":"product_tag","embeddable":true,"href":"https:\/\/loulein.de\/en\/wp-json\/wp\/v2\/product_tag?post=7930"}],"curies":[{"name":"wp","href":"https:\/\/api.w.org\/{rel}","templated":true}]}}