{"id":8015,"date":"2025-11-17T14:56:37","date_gmt":"2025-11-17T13:56:37","guid":{"rendered":"https:\/\/loulein.de\/?post_type=product&#038;p=8015"},"modified":"2025-11-17T17:43:19","modified_gmt":"2025-11-17T16:43:19","slug":"pix","status":"publish","type":"product","link":"https:\/\/loulein.de\/en\/product\/pix\/","title":{"rendered":"PIX"},"content":{"rendered":"<p>Unique designs created by us!<br \/>\nOur minimalist dog art prints blend beautifully into your interior design. The designs are just like our products: timeless, minimalist and lovingly handmade. 100% unique \u2013 100% individual \u2013 100% Loulein.<\/p>\n<ul>\n<li>Choose from 17 different breed prints<\/li>\n<li>white background with black lines<\/li>\n<li>timeless design<\/li>\n<li>minimalist line drawing, inspired by the typical silhouettes of the breeds<\/li>\n<li><strong>digital file<\/strong> Available for download (immediately after payment)<\/li>\n<li>On request, we can also design your own personalised print!<\/li>\n<\/ul>\n<p>Please note: You will receive this design as a digital file to print yourself. No printed poster will be sent by post. As the file is available immediately after purchase, returns or exchanges are unfortunately not possible.<\/p>\n<p>Do you have any special requests? We can also customise your PIX with that little extra for you. Please send us an <a href=\"mailto:hallo@loulein.de\">Mail<\/a>.<\/p>","protected":false},"excerpt":{"rendered":"<p>Einzigartige Designs aus unserer Hand! Unsere minimalistischen Hunde-Artprints f\u00fcgen sich wunderbar in deine Einrichtung ein. Die Motive sind wie unsere Produkte: zeitlos, minimalistisch und mit Liebe handgefertigt. 100 % einzigartig &#8211; 100% individuell &#8211; 100% Loulein. W\u00e4hle aus 17 verschiedenen Rasseprints wei\u00dfer Hintergrund mit schwarzer Linienf\u00fchrung zeitloses Design minimalistische Linienzeichnung, inspiriert durch die typischen Silhouetten der Rassen digitale Datei zum Download (direkt nach Bezahlung bereit) Auf Anfrage gestalten wir auch&hellip;<\/p>","protected":false},"featured_media":8072,"template":"","meta":[],"product_brand":[],"product_cat":[198],"product_tag":[],"class_list":{"0":"post-8015","1":"product","2":"type-product","3":"status-publish","4":"has-post-thumbnail","6":"product_cat-accessoires","8":"first","9":"instock","10":"taxable","11":"shipping-taxable","12":"purchasable","13":"product-type-variable"},"jetpack_sharing_enabled":true,"_links":{"self":[{"href":"https:\/\/loulein.de\/en\/wp-json\/wp\/v2\/product\/8015","targetHints":{"allow":["GET"]}}],"collection":[{"href":"https:\/\/loulein.de\/en\/wp-json\/wp\/v2\/product"}],"about":[{"href":"https:\/\/loulein.de\/en\/wp-json\/wp\/v2\/types\/product"}],"wp:featuredmedia":[{"embeddable":true,"href":"https:\/\/loulein.de\/en\/wp-json\/wp\/v2\/media\/8072"}],"wp:attachment":[{"href":"https:\/\/loulein.de\/en\/wp-json\/wp\/v2\/media?parent=8015"}],"wp:term":[{"taxonomy":"product_brand","embeddable":true,"href":"https:\/\/loulein.de\/en\/wp-json\/wp\/v2\/product_brand?post=8015"},{"taxonomy":"product_cat","embeddable":true,"href":"https:\/\/loulein.de\/en\/wp-json\/wp\/v2\/product_cat?post=8015"},{"taxonomy":"product_tag","embeddable":true,"href":"https:\/\/loulein.de\/en\/wp-json\/wp\/v2\/product_tag?post=8015"}],"curies":[{"name":"wp","href":"https:\/\/api.w.org\/{rel}","templated":true}]}}