{"id":941,"date":"2020-09-26T17:14:26","date_gmt":"2020-09-26T15:14:26","guid":{"rendered":"https:\/\/loulein.de\/?post_type=product&#038;p=941"},"modified":"2025-11-15T15:40:29","modified_gmt":"2025-11-15T14:40:29","slug":"vaary","status":"publish","type":"product","link":"https:\/\/loulein.de\/en\/product\/vaary\/","title":{"rendered":"VAARY"},"content":{"rendered":"<p>VAARY - the variable leash for every situation in your everyday life!<\/p>\n<p>Dank vielen Verstellm\u00f6glichkeiten k\u00f6nnt ihr Eure VAARY f\u00fcr jede Gelegenheit individuell einstellen. Bitte beachte, dass die Anzahl der Verstellm\u00f6glichkeiten von der L\u00e4nge der Leine abh\u00e4ngig ist.<\/p>\n<ul>\n<li>weather resistant biothane<\/li>\n<li>vegetable tanned leather<\/li>\n<li>soft, sealed edges<\/li>\n<li>high quality, rustproof brass hardware<\/li>\n<li>Colours according to your wishes<\/li>\n<li>available in 7 different lengths<\/li>\n<li>Adjustment options freely selectable<\/li>\n<li>matching collar available<\/li>\n<\/ul>\n<p>&nbsp;<\/p>\n<p>Color your dogs life! Available in different colors.<br \/>\n100% handmade<\/p>\n<p>Do you have any special requests? We can also make your VAARY leash with that little something extra for you. Please write us a <a href=\"mailto:hallo@loulein.de\">Mail<\/a>.<\/p>\n<p>Our products are handmade. You can find the current delivery time at <a href=\"https:\/\/loulein.de\/en\/produktionszeit\/\">Production time<\/a> .<\/p>\n<p>Colors may vary slightly in the digital image.<\/p>","protected":false},"excerpt":{"rendered":"<p>VAARY &#8211; die variable Leine f\u00fcr jede Situation in eurem\u00a0Alltag! Dank vielen Verstellm\u00f6glichkeiten k\u00f6nnt ihr Eure VAARY f\u00fcr jede Gelegenheit individuell einstellen. Bitte beachte, dass die Anzahl der Verstellm\u00f6glichkeiten von der L\u00e4nge der Leine abh\u00e4ngig ist. wetterbest\u00e4ndiges Biothane vegetabil gegerbtes Leder weiche, versiegelte Kanten hochwertige, rostfreie Hardware aus Messing Farben nach Euren W\u00fcnschen in 7 verschiedenen L\u00e4ngen erh\u00e4ltlich Verstellm\u00f6glichkeiten frei w\u00e4hlbar passendes Halsband erh\u00e4ltlich &nbsp; Macht das Hundeleben bunter! In&hellip;<\/p>","protected":false},"featured_media":7865,"template":"","meta":[],"product_brand":[],"product_cat":[34,15],"product_tag":[],"class_list":{"0":"post-941","1":"product","2":"type-product","3":"status-publish","4":"has-post-thumbnail","6":"product_cat-classic","7":"product_cat-leinen","9":"first","10":"instock","11":"featured","12":"taxable","13":"shipping-taxable","14":"purchasable","15":"product-type-variable"},"jetpack_sharing_enabled":true,"_links":{"self":[{"href":"https:\/\/loulein.de\/en\/wp-json\/wp\/v2\/product\/941","targetHints":{"allow":["GET"]}}],"collection":[{"href":"https:\/\/loulein.de\/en\/wp-json\/wp\/v2\/product"}],"about":[{"href":"https:\/\/loulein.de\/en\/wp-json\/wp\/v2\/types\/product"}],"wp:featuredmedia":[{"embeddable":true,"href":"https:\/\/loulein.de\/en\/wp-json\/wp\/v2\/media\/7865"}],"wp:attachment":[{"href":"https:\/\/loulein.de\/en\/wp-json\/wp\/v2\/media?parent=941"}],"wp:term":[{"taxonomy":"product_brand","embeddable":true,"href":"https:\/\/loulein.de\/en\/wp-json\/wp\/v2\/product_brand?post=941"},{"taxonomy":"product_cat","embeddable":true,"href":"https:\/\/loulein.de\/en\/wp-json\/wp\/v2\/product_cat?post=941"},{"taxonomy":"product_tag","embeddable":true,"href":"https:\/\/loulein.de\/en\/wp-json\/wp\/v2\/product_tag?post=941"}],"curies":[{"name":"wp","href":"https:\/\/api.w.org\/{rel}","templated":true}]}}